{"id":5337,"date":"2025-02-04T20:04:57","date_gmt":"2025-02-04T19:04:57","guid":{"rendered":"https:\/\/gatugarden.se\/?page_id=5337"},"modified":"2025-02-04T20:27:42","modified_gmt":"2025-02-04T19:27:42","slug":"passagesystem-tags","status":"publish","type":"page","link":"https:\/\/gatugarden.se\/?page_id=5337","title":{"rendered":"Passagesystem (tags)"},"content":{"rendered":"\n<p>Gatug\u00e5rden Ekonomisk F\u00f6rening har taggl\u00e4sare p\u00e5 alla byggnader i omr\u00e5det. Detta inneb\u00e4r att taggen\/brickan skall anv\u00e4ndas f\u00f6r \u00f6ppning av d\u00f6rrar till soprum och \u00f6ppning och bokning av tv\u00e4ttstuga, gemensamhetslokal (fritidslokalen), tennisplan och bastu. Alla fastigheter f\u00e5r en tag och denna tillh\u00f6r fastigheten. F\u00f6r de som \u00f6nskar finns m\u00f6jlighet att ta kontakt med v\u00e5r fastighetssk\u00f6tare och kvittera ut en extra tag mot en avgift.<\/p>\n\n\n\n<p>Taggen ger tillg\u00e5ng till varje fastighets tilldelade soprum samt den gemensamma delen av tv\u00e4ttstugan d\u00e4r sk\u00e4rm f\u00f6r bokning av fritidslokalen samt faciliteter finns. \u00d6vriga utrymmen f\u00e5r man tillg\u00e5ng till via abonnemang. Lokalen f\u00e5r man tillg\u00e5ng till efter godk\u00e4nd bokning. &nbsp;Kontakta fastighetssk\u00f6tare f\u00f6r mer information eller se&nbsp;<a href=\"https:\/\/gatugarden.se\/?page_id=4454\">h\u00e4r<\/a>.<\/p>\n\n\n\n<p>Utf\u00f6rlig instruktion om hur taggen fungerar eller hur bokning utf\u00f6rs hittar du&nbsp;<a href=\"https:\/\/gatugarden.se\/wp-content\/uploads\/2023\/04\/Instruktion-gallande-passagesystem-i-Gatugarden-uppdaterad-20230404.pdf\" target=\"_blank\" rel=\"noreferrer noopener\">h\u00e4r<\/a>.<\/p>\n\n\n\n<p><br><strong>Om taggen inte fungerar:<\/strong><\/p>\n\n\n\n<p>Prova att l\u00e4gga taggen mot l\u00e4saren som sitter utanf\u00f6r expeditionen eller tv\u00e4ttstugan. Taggen uppdateras d\u00e5, vilket oftast r\u00e4cker f\u00f6r att den ska \u201dstarta om\u201d och sedan fungerar som vanligt igen. Om detta inte fungerar ta kontakt med fastighetssk\u00f6tare Anders p\u00e5 telefon 070-310 33 36 eller via mail&nbsp;<a href=\"mailto:gef.gatugarden@telia.com\">gef.gatugarden@telia.com<\/a>.<\/p>\n\n\n\n<p>en fungerar eller hur bokning utf\u00f6rs hittar du&nbsp;<a rel=\"noreferrer noopener\" href=\"https:\/\/gatugarden.se\/wp-content\/uploads\/2023\/04\/Instruktion-gallande-passagesystem-i-Gatugarden-uppdaterad-20230404.pdf\" target=\"_blank\">h\u00e4r<\/a>.<\/p>\n","protected":false},"excerpt":{"rendered":"<p>Gatug\u00e5rden Ekonomisk F\u00f6rening har taggl\u00e4sare p\u00e5 alla byggnader i omr\u00e5det. Detta inneb\u00e4r att taggen\/brickan skall anv\u00e4ndas f\u00f6r \u00f6ppning av d\u00f6rrar till soprum och \u00f6ppning och bokning av tv\u00e4ttstuga, gemensamhetslokal (fritidslokalen), &#8230;<\/p>\n","protected":false},"author":1,"featured_media":0,"parent":4294,"menu_order":1,"comment_status":"closed","ping_status":"closed","template":"template-fullwidth.php","meta":{"_s2mail":"yes","footnotes":""},"_links":{"self":[{"href":"https:\/\/gatugarden.se\/index.php?rest_route=\/wp\/v2\/pages\/5337"}],"collection":[{"href":"https:\/\/gatugarden.se\/index.php?rest_route=\/wp\/v2\/pages"}],"about":[{"href":"https:\/\/gatugarden.se\/index.php?rest_route=\/wp\/v2\/types\/page"}],"author":[{"embeddable":true,"href":"https:\/\/gatugarden.se\/index.php?rest_route=\/wp\/v2\/users\/1"}],"replies":[{"embeddable":true,"href":"https:\/\/gatugarden.se\/index.php?rest_route=%2Fwp%2Fv2%2Fcomments&post=5337"}],"version-history":[{"count":2,"href":"https:\/\/gatugarden.se\/index.php?rest_route=\/wp\/v2\/pages\/5337\/revisions"}],"predecessor-version":[{"id":5346,"href":"https:\/\/gatugarden.se\/index.php?rest_route=\/wp\/v2\/pages\/5337\/revisions\/5346"}],"up":[{"embeddable":true,"href":"https:\/\/gatugarden.se\/index.php?rest_route=\/wp\/v2\/pages\/4294"}],"wp:attachment":[{"href":"https:\/\/gatugarden.se\/index.php?rest_route=%2Fwp%2Fv2%2Fmedia&parent=5337"}],"curies":[{"name":"wp","href":"https:\/\/api.w.org\/{rel}","templated":true}]}}