{"id":5320,"date":"2025-02-04T19:30:05","date_gmt":"2025-02-04T18:30:05","guid":{"rendered":"https:\/\/gatugarden.se\/?page_id=5320"},"modified":"2025-02-04T19:37:48","modified_gmt":"2025-02-04T18:37:48","slug":"postboxar","status":"publish","type":"page","link":"https:\/\/gatugarden.se\/?page_id=5320","title":{"rendered":"Postboxar"},"content":{"rendered":"\n<p>Varje fastighets\u00e4gare kommer f\u00e5 tillg\u00e5ng till en postbox f\u00f6r postmottagning. Postboxarna kommer vara monterade p\u00e5 f\u00f6reningens byggnader, j\u00e4mt f\u00f6rdelat i omr\u00e5det f\u00f6r att m\u00f6jligg\u00f6ra att det blir s\u00e5 enkelt som m\u00f6jligt f\u00f6r alla att h\u00e4mta sin post. <\/p>\n\n\n\n<p>N\u00e4r postboxarna \u00e4r monterade kommer varje fastighets\u00e4gare kunna kvittera ut tv\u00e5 nycklar. Dessa tillh\u00f6r f\u00f6reningen och ska vid \u00f6verl\u00e5telse av fastigheten medf\u00f6lja till n\u00e4ste fastighets\u00e4gare. F\u00f6rlorade nycklar ers\u00e4tts mot kostnaden f\u00f6r nytillverkning.<\/p>\n\n\n\n<p>Postboxarnas placering hittar du genom denna <a href=\"https:\/\/gatugarden.se\/wp-content\/uploads\/2025\/02\/2024-06-28-Forslag-Postboxar-Gatugardsvagen.pdf\" target=\"_blank\" rel=\"noreferrer noopener\">l\u00e4nk<\/a>.<\/p>\n","protected":false},"excerpt":{"rendered":"<p>Varje fastighets\u00e4gare kommer f\u00e5 tillg\u00e5ng till en postbox f\u00f6r postmottagning. Postboxarna kommer vara monterade p\u00e5 f\u00f6reningens byggnader, j\u00e4mt f\u00f6rdelat i omr\u00e5det f\u00f6r att m\u00f6jligg\u00f6ra att det blir s\u00e5 enkelt som &#8230;<\/p>\n","protected":false},"author":1,"featured_media":5315,"parent":4294,"menu_order":1,"comment_status":"closed","ping_status":"closed","template":"template-fullwidth.php","meta":{"_s2mail":"yes","footnotes":""},"_links":{"self":[{"href":"https:\/\/gatugarden.se\/index.php?rest_route=\/wp\/v2\/pages\/5320"}],"collection":[{"href":"https:\/\/gatugarden.se\/index.php?rest_route=\/wp\/v2\/pages"}],"about":[{"href":"https:\/\/gatugarden.se\/index.php?rest_route=\/wp\/v2\/types\/page"}],"author":[{"embeddable":true,"href":"https:\/\/gatugarden.se\/index.php?rest_route=\/wp\/v2\/users\/1"}],"replies":[{"embeddable":true,"href":"https:\/\/gatugarden.se\/index.php?rest_route=%2Fwp%2Fv2%2Fcomments&post=5320"}],"version-history":[{"count":3,"href":"https:\/\/gatugarden.se\/index.php?rest_route=\/wp\/v2\/pages\/5320\/revisions"}],"predecessor-version":[{"id":5324,"href":"https:\/\/gatugarden.se\/index.php?rest_route=\/wp\/v2\/pages\/5320\/revisions\/5324"}],"up":[{"embeddable":true,"href":"https:\/\/gatugarden.se\/index.php?rest_route=\/wp\/v2\/pages\/4294"}],"wp:featuredmedia":[{"embeddable":true,"href":"https:\/\/gatugarden.se\/index.php?rest_route=\/wp\/v2\/media\/5315"}],"wp:attachment":[{"href":"https:\/\/gatugarden.se\/index.php?rest_route=%2Fwp%2Fv2%2Fmedia&parent=5320"}],"curies":[{"name":"wp","href":"https:\/\/api.w.org\/{rel}","templated":true}]}}