{"id":5044,"date":"2023-03-28T12:59:16","date_gmt":"2023-03-28T11:59:16","guid":{"rendered":"https:\/\/gatugarden.se\/?page_id=5044"},"modified":"2025-01-25T18:26:46","modified_gmt":"2025-01-25T17:26:46","slug":"tvattstugan","status":"publish","type":"page","link":"https:\/\/gatugarden.se\/?page_id=5044","title":{"rendered":"Tv\u00e4ttstugan"},"content":{"rendered":"\n<p>Tv\u00e4ttstugan \u00e4r tillg\u00e4nglig f\u00f6r bokning f\u00f6r f\u00f6reningens medlemmar. Den bokas via hemsidan alternativt via bokningstavlan som sitter i tv\u00e4ttstugan. Den yttre d\u00f6rren \u00e4r l\u00e5st men \u00f6ppnas f\u00f6r alla medlemmar med tag. I det yttre rummet i tv\u00e4ttstugan sitter bokningstavlan. Den inre d\u00f6rren till tv\u00e4ttstugan l\u00e5ses upp av taggen under tiden tv\u00e4ttstugan \u00e4r bokad.<\/p>\n\n\n\n<p>F\u00f6reningen tar ut en avgift f\u00f6r att anv\u00e4nda tv\u00e4ttmaskinen och torktumlaren. Avgiften betalas med betalkort i tv\u00e4ttstugan i samband med att den anv\u00e4nds. Betalstationen \u00e4r enkel att anv\u00e4nda, det finns tydliga instruktioner bredvid automaten i tv\u00e4ttstugan. Syftet med avgiften \u00e4r dels att t\u00e4cka drift- och underh\u00e5llskostnader, s\u00e5som el, vatten och service. Samt dels att s\u00e4kerst\u00e4lla att v\u00e5ra gemensamma utrymmen anv\u00e4nds p\u00e5 ett ansvarsfullt och r\u00e4ttvist s\u00e4tt av alla boende. Priset baseras p\u00e5 det genomsnittliga elpriset och justeras vid behov.<\/p>\n\n\n\n<p>Instruktion om kostnad och instruktion f\u00f6r betalning hittar du <a href=\"https:\/\/gatugarden.se\/wp-content\/uploads\/2025\/01\/2025-01-25-Instruktion-betalning-Tvattstuga.pdf\">h\u00e4r<\/a>.<\/p>\n\n\n\n<p>I tv\u00e4ttstugans yttre rum finns en eldriven stenmangel, denna \u00e4r tillg\u00e4nglig \u00e4ven utan bokning. F\u00f6r visning av mangeln samt hur den fungerar kan kontakt tas med styrelsen.<\/p>\n\n\n\n<p>Obs! F\u00f6r att l\u00e5sa upp d\u00f6rren till tv\u00e4ttstugan m\u00e5ste taggen visas vid markerad symbol p\u00e5 bokningstavlan.<\/p>\n\n\n\n<figure class=\"wp-block-gallery has-nested-images columns-default is-cropped wp-block-gallery-1 is-layout-flex wp-block-gallery-is-layout-flex\">\n<figure class=\"wp-block-image size-large\"><img loading=\"lazy\" decoding=\"async\" width=\"1920\" height=\"2560\" data-id=\"5056\" src=\"https:\/\/gatugarden.se\/wp-content\/uploads\/2023\/04\/Bokningstavla-tvattstugan-markerad-edited-scaled.jpg\" alt=\"\" class=\"wp-image-5056\" srcset=\"https:\/\/gatugarden.se\/wp-content\/uploads\/2023\/04\/Bokningstavla-tvattstugan-markerad-edited-scaled.jpg 1920w, https:\/\/gatugarden.se\/wp-content\/uploads\/2023\/04\/Bokningstavla-tvattstugan-markerad-edited-225x300.jpg 225w, https:\/\/gatugarden.se\/wp-content\/uploads\/2023\/04\/Bokningstavla-tvattstugan-markerad-edited-768x1024.jpg 768w, https:\/\/gatugarden.se\/wp-content\/uploads\/2023\/04\/Bokningstavla-tvattstugan-markerad-edited-1152x1536.jpg 1152w, https:\/\/gatugarden.se\/wp-content\/uploads\/2023\/04\/Bokningstavla-tvattstugan-markerad-edited-1536x2048.jpg 1536w\" sizes=\"(max-width: 1920px) 100vw, 1920px\" \/><\/figure>\n<\/figure>\n","protected":false},"excerpt":{"rendered":"<p>Tv\u00e4ttstugan \u00e4r tillg\u00e4nglig f\u00f6r bokning f\u00f6r f\u00f6reningens medlemmar. Den bokas via hemsidan alternativt via bokningstavlan som sitter i tv\u00e4ttstugan. Den yttre d\u00f6rren \u00e4r l\u00e5st men \u00f6ppnas f\u00f6r alla medlemmar med &#8230;<\/p>\n","protected":false},"author":3,"featured_media":0,"parent":4294,"menu_order":0,"comment_status":"closed","ping_status":"closed","template":"template-fullwidth.php","meta":{"_s2mail":"yes","footnotes":""},"_links":{"self":[{"href":"https:\/\/gatugarden.se\/index.php?rest_route=\/wp\/v2\/pages\/5044"}],"collection":[{"href":"https:\/\/gatugarden.se\/index.php?rest_route=\/wp\/v2\/pages"}],"about":[{"href":"https:\/\/gatugarden.se\/index.php?rest_route=\/wp\/v2\/types\/page"}],"author":[{"embeddable":true,"href":"https:\/\/gatugarden.se\/index.php?rest_route=\/wp\/v2\/users\/3"}],"replies":[{"embeddable":true,"href":"https:\/\/gatugarden.se\/index.php?rest_route=%2Fwp%2Fv2%2Fcomments&post=5044"}],"version-history":[{"count":7,"href":"https:\/\/gatugarden.se\/index.php?rest_route=\/wp\/v2\/pages\/5044\/revisions"}],"predecessor-version":[{"id":5275,"href":"https:\/\/gatugarden.se\/index.php?rest_route=\/wp\/v2\/pages\/5044\/revisions\/5275"}],"up":[{"embeddable":true,"href":"https:\/\/gatugarden.se\/index.php?rest_route=\/wp\/v2\/pages\/4294"}],"wp:attachment":[{"href":"https:\/\/gatugarden.se\/index.php?rest_route=%2Fwp%2Fv2%2Fmedia&parent=5044"}],"curies":[{"name":"wp","href":"https:\/\/api.w.org\/{rel}","templated":true}]}}