{"id":4458,"date":"2020-04-01T20:57:14","date_gmt":"2020-04-01T20:57:14","guid":{"rendered":"https:\/\/gtg.daysoft.se\/?page_id=4458"},"modified":"2021-01-22T09:16:43","modified_gmt":"2021-01-22T08:16:43","slug":"medlemsformaner","status":"publish","type":"page","link":"https:\/\/gatugarden.se\/?page_id=4458","title":{"rendered":"Medlemsf\u00f6rm\u00e5ner"},"content":{"rendered":"<p>Nedan kan du l\u00e4sa om de f\u00f6rm\u00e5ner som du som medlem f\u00e5r ta del av.<\/p>\n<p>\u00a0<\/p>\n\n\n<p><br><strong>Rabatt p\u00e5 f\u00e4rg<\/strong><br>Alla boende i Gatug\u00e5rden har\u00a0<strong>20% rabatt<\/strong>\u00a0p\u00e5 f\u00e4rg i F\u00e4rgboden vid Torslandakrysset.<br><br><img loading=\"lazy\" decoding=\"async\" width=\"150\" height=\"150\" class=\"wp-image-4357\" style=\"width: 150px;\" src=\"https:\/\/gatugarden.se\/wp-content\/uploads\/2020\/03\/f\u00e4rg-e1611299484245.jpg\" alt=\"\"><\/p>\n","protected":false},"excerpt":{"rendered":"<p>Nedan kan du l\u00e4sa om de f\u00f6rm\u00e5ner som du som medlem f\u00e5r ta del av. \u00a0 Rabatt p\u00e5 f\u00e4rgAlla boende i Gatug\u00e5rden har\u00a020% rabatt\u00a0p\u00e5 f\u00e4rg i F\u00e4rgboden vid Torslandakrysset.<\/p>\n","protected":false},"author":1,"featured_media":0,"parent":4294,"menu_order":0,"comment_status":"closed","ping_status":"closed","template":"template-fullwidth.php","meta":{"_s2mail":"yes","footnotes":""},"_links":{"self":[{"href":"https:\/\/gatugarden.se\/index.php?rest_route=\/wp\/v2\/pages\/4458"}],"collection":[{"href":"https:\/\/gatugarden.se\/index.php?rest_route=\/wp\/v2\/pages"}],"about":[{"href":"https:\/\/gatugarden.se\/index.php?rest_route=\/wp\/v2\/types\/page"}],"author":[{"embeddable":true,"href":"https:\/\/gatugarden.se\/index.php?rest_route=\/wp\/v2\/users\/1"}],"replies":[{"embeddable":true,"href":"https:\/\/gatugarden.se\/index.php?rest_route=%2Fwp%2Fv2%2Fcomments&post=4458"}],"version-history":[{"count":2,"href":"https:\/\/gatugarden.se\/index.php?rest_route=\/wp\/v2\/pages\/4458\/revisions"}],"predecessor-version":[{"id":4617,"href":"https:\/\/gatugarden.se\/index.php?rest_route=\/wp\/v2\/pages\/4458\/revisions\/4617"}],"up":[{"embeddable":true,"href":"https:\/\/gatugarden.se\/index.php?rest_route=\/wp\/v2\/pages\/4294"}],"wp:attachment":[{"href":"https:\/\/gatugarden.se\/index.php?rest_route=%2Fwp%2Fv2%2Fmedia&parent=4458"}],"curies":[{"name":"wp","href":"https:\/\/api.w.org\/{rel}","templated":true}]}}