{"id":4454,"date":"2020-03-19T21:08:59","date_gmt":"2020-03-19T20:08:59","guid":{"rendered":"https:\/\/gtg.daysoft.se\/?page_id=4454"},"modified":"2026-03-11T12:05:51","modified_gmt":"2026-03-11T11:05:51","slug":"lokalbokning","status":"publish","type":"page","link":"https:\/\/gatugarden.se\/?page_id=4454","title":{"rendered":"Bokning av lokal samt \u00f6vriga aktiviteter"},"content":{"rendered":"<p><span style=\"font-size: revert;\">Bokning av lokalen g\u00f6rs via hemsidan (se l\u00e4nk nedan) alternativt via bokningstavlan som sitter i f\u00f6reningens tv\u00e4ttstuga. Bokas lokalen via hemsidan loggar du in med ditt anv\u00e4ndarnamn som \u00e4r f\u00f6rkortning av din gatuadress, f\u00f6ljt av mellanslag och sedan siffra och bokstav; Gv 1n, Vk 1n, Rk 1n eller Vb 1n. L\u00f6senordet fick du i samband med att din tag delades ut.<\/span><\/p>\n<p>M\u00e5ndag till fredag bokas lokalen i 2 timmars-intervall, kostnad 100 kronor\/2 timmar. Dygnsbokning kostar 500 kronor.<\/p>\n<p>Fredag-s\u00f6ndag g\u00e5r det endast att boka lokalen per dygn (kl. 12:00-11:00), kostnad 500 kronor per dygn.<\/p>\n<p>F\u00f6r att f\u00e5 tilltr\u00e4de ska <strong><em>betalning vara tillhanda samt hyresavtal f\u00f6r bokning av lokalen p\u00e5skrivet senast 2 vardagar f\u00f6re bokningen tr\u00e4der i kraft<\/em>,<\/strong> access till lokalen ges f\u00f6rst d\u00e5 detta har skett. \u00c5terbetalning vid avbokning av lokal sker ej. Lokalen l\u00e5ses upp med taggen som h\u00f6r till varje fastighet. Det \u00e4r fastighets\u00e4garen (dvs. medlemmen i f\u00f6reningen) som ansvarar f\u00f6r lokalen under tiden den hyrs.<\/p>\n<p><strong><em>Det \u00e5ligger den som hyr lokalen att ta kontakt med fastighetssk\u00f6tare Anders f\u00f6r att boka tid f\u00f6r betalning samt skriva hyresavtal<\/em><\/strong>. Om detta inte skett senast 2 vardagar f\u00f6re bokningsdatumet sl\u00e4pps bokningen och lokalen blir tillg\u00e4nglig f\u00f6r andra att boka. Betalning sker via swish i samband med att kontraktet skrivs p\u00e5 expeditionen. F\u00f6reningen kommer inte skicka ut p\u00e5minnelse om ovanst\u00e5ende.\u00a0<\/p>\n<p>Vid fr\u00e5gor g\u00e4llande bokning av lokalen tas kontakt med v\u00e5r fastighetssk\u00f6tare Anders dagtid m\u00e5ndag-fredag. Vid fr\u00e5gor om lokalen p\u00e5 jourtid (exempelvis kv\u00e4llar\/helger) finns akut telefonnummer p\u00e5 anslagstavlan vid expeditionen.<\/p>\n<p>F\u00f6r egen utskrift av hyresavtal,<a href=\"https:\/\/gatugarden.se\/wp-content\/uploads\/2022\/12\/Hyresavtal-och-ordningsregler-GEF-Lokalen-dec-2022.pdf\"> klicka h\u00e4r<\/a>.\u00a0<\/p>\n\n\n<p><br><br><strong>F\u00f6r att komma vidare till tj\u00e4nsten f\u00f6r bokning,<a href=\"http:\/\/90.224.246.62\/M5WebBokning\/\" target=\"_blank\" rel=\"noreferrer noopener\"> klicka h\u00e4r<\/a>.<\/strong><\/p>\n","protected":false},"excerpt":{"rendered":"<p>Bokning av lokalen g\u00f6rs via hemsidan (se l\u00e4nk nedan) alternativt via bokningstavlan som sitter i f\u00f6reningens tv\u00e4ttstuga. Bokas lokalen via hemsidan loggar du in med ditt anv\u00e4ndarnamn som \u00e4r f\u00f6rkortning &#8230;<\/p>\n","protected":false},"author":1,"featured_media":0,"parent":0,"menu_order":0,"comment_status":"closed","ping_status":"closed","template":"template-fullwidth.php","meta":{"_s2mail":"yes","footnotes":""},"_links":{"self":[{"href":"https:\/\/gatugarden.se\/index.php?rest_route=\/wp\/v2\/pages\/4454"}],"collection":[{"href":"https:\/\/gatugarden.se\/index.php?rest_route=\/wp\/v2\/pages"}],"about":[{"href":"https:\/\/gatugarden.se\/index.php?rest_route=\/wp\/v2\/types\/page"}],"author":[{"embeddable":true,"href":"https:\/\/gatugarden.se\/index.php?rest_route=\/wp\/v2\/users\/1"}],"replies":[{"embeddable":true,"href":"https:\/\/gatugarden.se\/index.php?rest_route=%2Fwp%2Fv2%2Fcomments&post=4454"}],"version-history":[{"count":27,"href":"https:\/\/gatugarden.se\/index.php?rest_route=\/wp\/v2\/pages\/4454\/revisions"}],"predecessor-version":[{"id":5500,"href":"https:\/\/gatugarden.se\/index.php?rest_route=\/wp\/v2\/pages\/4454\/revisions\/5500"}],"wp:attachment":[{"href":"https:\/\/gatugarden.se\/index.php?rest_route=%2Fwp%2Fv2%2Fmedia&parent=4454"}],"curies":[{"name":"wp","href":"https:\/\/api.w.org\/{rel}","templated":true}]}}