{"id":4327,"date":"2020-03-13T09:03:08","date_gmt":"2020-03-13T09:03:08","guid":{"rendered":"https:\/\/gtg.daysoft.se\/?page_id=4327"},"modified":"2025-02-27T18:27:02","modified_gmt":"2025-02-27T17:27:02","slug":"fastighetsexpeditionen","status":"publish","type":"page","link":"https:\/\/gatugarden.se\/?page_id=4327","title":{"rendered":"Fastighetsexpeditionen"},"content":{"rendered":"\n<p><strong>Fastighetsexpeditionen<\/strong><\/p>\n\n\n\n<p>Vitkl\u00f6vern 2<\/p>\n\n\n\n<p>423 33 Torslanda<\/p>\n\n\n\n<p>Telefon:&nbsp;&nbsp;<a href=\"tel:070 310 3336\">070 310 3336<\/a><\/p>\n\n\n\n<p>E-mail:&nbsp;<a href=\"mailto:gef.gatugarden@telia.com\">gef.gatugarden@telia.com<\/a><br><\/p>\n\n\n\n<p><br><strong>\u00d6ppettider<\/strong><\/p>\n\n\n\n<p>Fastighetsexpeditionen \u00e4r \u00f6ppen m\u00e5n-fre 07.00-16.00 och v\u00e5r fastighetssk\u00f6tare heter Anders Antonsson.<\/p>\n\n\n\n<p>Fastighetssk\u00f6taren \u00e4r ofta ute i omr\u00e5det och arbetar, har du \u00e4rende till expeditionen kan det vara bra att ringa och boka tid f\u00f6rst. Vid andra tidpunkter kan du kontakta expeditionen via\u00a0mail.<br><\/p>\n\n\n\n<p><br><strong>Vid akuta problem kontakta<\/strong><\/p>\n\n\n\n<p>Yttre underh\u00e5ll Christer Larson<\/p>\n\n\n\n<p>Tel&nbsp;<a href=\"tel:0760-96 44 51\">0760-96 44 51<\/a><\/p>\n\n\n\n<p>Driftansvarig Glenn Borg<\/p>\n\n\n\n<p>Tel&nbsp;<a href=\"tel:0704-13 54 93\">0704-13 54 93<\/a><\/p>\n","protected":false},"excerpt":{"rendered":"<p>Fastighetsexpeditionen Vitkl\u00f6vern 2 423 33 Torslanda Telefon:&nbsp;&nbsp;070 310 3336 E-mail:&nbsp;gef.gatugarden@telia.com \u00d6ppettider Fastighetsexpeditionen \u00e4r \u00f6ppen m\u00e5n-fre 07.00-16.00 och v\u00e5r fastighetssk\u00f6tare heter Anders Antonsson. Fastighetssk\u00f6taren \u00e4r ofta ute i omr\u00e5det och arbetar, &#8230;<\/p>\n","protected":false},"author":1,"featured_media":0,"parent":4294,"menu_order":0,"comment_status":"closed","ping_status":"closed","template":"template-fullwidth.php","meta":{"_s2mail":"yes","footnotes":""},"_links":{"self":[{"href":"https:\/\/gatugarden.se\/index.php?rest_route=\/wp\/v2\/pages\/4327"}],"collection":[{"href":"https:\/\/gatugarden.se\/index.php?rest_route=\/wp\/v2\/pages"}],"about":[{"href":"https:\/\/gatugarden.se\/index.php?rest_route=\/wp\/v2\/types\/page"}],"author":[{"embeddable":true,"href":"https:\/\/gatugarden.se\/index.php?rest_route=\/wp\/v2\/users\/1"}],"replies":[{"embeddable":true,"href":"https:\/\/gatugarden.se\/index.php?rest_route=%2Fwp%2Fv2%2Fcomments&post=4327"}],"version-history":[{"count":8,"href":"https:\/\/gatugarden.se\/index.php?rest_route=\/wp\/v2\/pages\/4327\/revisions"}],"predecessor-version":[{"id":5364,"href":"https:\/\/gatugarden.se\/index.php?rest_route=\/wp\/v2\/pages\/4327\/revisions\/5364"}],"up":[{"embeddable":true,"href":"https:\/\/gatugarden.se\/index.php?rest_route=\/wp\/v2\/pages\/4294"}],"wp:attachment":[{"href":"https:\/\/gatugarden.se\/index.php?rest_route=%2Fwp%2Fv2%2Fmedia&parent=4327"}],"curies":[{"name":"wp","href":"https:\/\/api.w.org\/{rel}","templated":true}]}}