{"id":4325,"date":"2020-03-13T09:02:35","date_gmt":"2020-03-13T09:02:35","guid":{"rendered":"https:\/\/gtg.daysoft.se\/?page_id=4325"},"modified":"2025-02-04T20:11:06","modified_gmt":"2025-02-04T19:11:06","slug":"fastighetsforsaljning","status":"publish","type":"page","link":"https:\/\/gatugarden.se\/?page_id=4325","title":{"rendered":"Fastighetsf\u00f6rs\u00e4ljning"},"content":{"rendered":"\n<p><strong>Fastighetsf\u00f6rs\u00e4ljning<\/strong><\/p>\n\n\n\n<p>N\u00e4r fastigheten ska s\u00e4ljas t\u00e4nk p\u00e5 f\u00f6ljande:<\/p>\n\n\n\n<p>Anv\u00e4nd endast f\u00f6reningens kontrakt&nbsp;f\u00f6r att k\u00f6paren&nbsp;ska&nbsp;beviljas lagfart samt att andelen i Gatug\u00e5rden Ekonomisk F\u00f6rening ska&nbsp;\u00f6verl\u00e5tas. Kontrakt finns p\u00e5 fastighetsexpeditionen samt under &#8220;Dokument&#8221; p\u00e5 hemsidan.<\/p>\n\n\n\n<p>T\u00e4nk p\u00e5 att andelsbeviset i Gatug\u00e5rden Ekonomisk F\u00f6rening ska \u00f6verl\u00e4mnas vid kontraktskrivning.<\/p>\n\n\n\n<p>Kontakta Staffan Liljekvist minst tv\u00e5 veckor f\u00f6re datum f\u00f6r kontraktskrivning&nbsp;f\u00f6r att&nbsp;boka tid f\u00f6r m\u00f6te med&nbsp;b\u00e5da&nbsp;parterna.&nbsp;Vid detta m\u00f6te f\u00e5r k\u00f6parna information om Gatug\u00e5rden Ekonomisk F\u00f6rening och autogirot&nbsp;\u00e4ndras.<\/p>\n\n\n\n<p><br><strong>Energideklaration<\/strong><\/p>\n\n\n\n<p>Vid fastighetsf\u00f6rs\u00e4ljning anges f\u00f6ljande f\u00f6rbrukning per fastighet:<\/p>\n\n\n\n<p>Cirka 17200 kWh, bruttof\u00f6rbrukning<\/p>\n\n\n\n<p>Cirka 12600 kWh, nettof\u00f6rbrukning<\/p>\n\n\n\n<p>Skillnaden mellan netto- och bruttof\u00f6rbrukningen \u00e4r panncentralens \u00e5terverkningsgrad samt kulvertf\u00f6rlusterna.<br><\/p>\n","protected":false},"excerpt":{"rendered":"<p>Fastighetsf\u00f6rs\u00e4ljning N\u00e4r fastigheten ska s\u00e4ljas t\u00e4nk p\u00e5 f\u00f6ljande: Anv\u00e4nd endast f\u00f6reningens kontrakt&nbsp;f\u00f6r att k\u00f6paren&nbsp;ska&nbsp;beviljas lagfart samt att andelen i Gatug\u00e5rden Ekonomisk F\u00f6rening ska&nbsp;\u00f6verl\u00e5tas. Kontrakt finns p\u00e5 fastighetsexpeditionen samt under &#8220;Dokument&#8221; &#8230;<\/p>\n","protected":false},"author":1,"featured_media":0,"parent":4294,"menu_order":0,"comment_status":"closed","ping_status":"closed","template":"template-fullwidth.php","meta":{"_s2mail":"yes","footnotes":""},"_links":{"self":[{"href":"https:\/\/gatugarden.se\/index.php?rest_route=\/wp\/v2\/pages\/4325"}],"collection":[{"href":"https:\/\/gatugarden.se\/index.php?rest_route=\/wp\/v2\/pages"}],"about":[{"href":"https:\/\/gatugarden.se\/index.php?rest_route=\/wp\/v2\/types\/page"}],"author":[{"embeddable":true,"href":"https:\/\/gatugarden.se\/index.php?rest_route=\/wp\/v2\/users\/1"}],"replies":[{"embeddable":true,"href":"https:\/\/gatugarden.se\/index.php?rest_route=%2Fwp%2Fv2%2Fcomments&post=4325"}],"version-history":[{"count":5,"href":"https:\/\/gatugarden.se\/index.php?rest_route=\/wp\/v2\/pages\/4325\/revisions"}],"predecessor-version":[{"id":5348,"href":"https:\/\/gatugarden.se\/index.php?rest_route=\/wp\/v2\/pages\/4325\/revisions\/5348"}],"up":[{"embeddable":true,"href":"https:\/\/gatugarden.se\/index.php?rest_route=\/wp\/v2\/pages\/4294"}],"wp:attachment":[{"href":"https:\/\/gatugarden.se\/index.php?rest_route=%2Fwp%2Fv2%2Fmedia&parent=4325"}],"curies":[{"name":"wp","href":"https:\/\/api.w.org\/{rel}","templated":true}]}}