{"id":4323,"date":"2020-03-13T09:02:12","date_gmt":"2020-03-13T09:02:12","guid":{"rendered":"https:\/\/gtg.daysoft.se\/?page_id=4323"},"modified":"2022-03-22T12:07:55","modified_gmt":"2022-03-22T11:07:55","slug":"autogiro","status":"publish","type":"page","link":"https:\/\/gatugarden.se\/?page_id=4323","title":{"rendered":"Autogiro"},"content":{"rendered":"\n<p>F\u00f6reningens autogiro hanteras av AmEko Redovisningsbyr\u00e5 AB. Det \u00e4r \u00e4ven de som ansvarar f\u00f6r att skicka ut p\u00e5minnelser vid obetalda avgifter till Gatug\u00e5rden ekonomisk f\u00f6rening. \u00a0En avgift p\u00e5 50 kronor tillkommer om t\u00e4ckning saknas p\u00e5 ditt konto vid dragningstillf\u00e4llet. <\/p>\n\n\n\n<p>Gatug\u00e5rdens bankgiro\u00a0\u00e4r 204-9849.\u00a0Vid \u00e4ndring av bankkonto f\u00f6r betalning av avgiften till f\u00f6reningen ska du\u00a0kontakta din egen bank.<\/p>\n\n\n\n<p>Kontaktperson p\u00e5 AmEko \u00e4r David Bengtsson&nbsp;<a href=\"javascript:phoenixHandler.handleMailTo('david.bengtsson@ameko.se');\">David.Bengtsson@ameko.se<\/a><\/p>\n\n\n\n<p>Vid ytterligare fr\u00e5gor kontakta ordf\u00f6rande Mats Arnkil&nbsp;<a href=\"javascript:phoenixHandler.handleMailTo('gef.ordforande@telia.com');\">gef.ordforande@telia.com<\/a><\/p>\n","protected":false},"excerpt":{"rendered":"<p>F\u00f6reningens autogiro hanteras av AmEko Redovisningsbyr\u00e5 AB. Det \u00e4r \u00e4ven de som ansvarar f\u00f6r att skicka ut p\u00e5minnelser vid obetalda avgifter till Gatug\u00e5rden ekonomisk f\u00f6rening. \u00a0En avgift p\u00e5 50 kronor &#8230;<\/p>\n","protected":false},"author":1,"featured_media":0,"parent":4294,"menu_order":0,"comment_status":"closed","ping_status":"closed","template":"template-fullwidth.php","meta":{"_s2mail":"yes","footnotes":""},"_links":{"self":[{"href":"https:\/\/gatugarden.se\/index.php?rest_route=\/wp\/v2\/pages\/4323"}],"collection":[{"href":"https:\/\/gatugarden.se\/index.php?rest_route=\/wp\/v2\/pages"}],"about":[{"href":"https:\/\/gatugarden.se\/index.php?rest_route=\/wp\/v2\/types\/page"}],"author":[{"embeddable":true,"href":"https:\/\/gatugarden.se\/index.php?rest_route=\/wp\/v2\/users\/1"}],"replies":[{"embeddable":true,"href":"https:\/\/gatugarden.se\/index.php?rest_route=%2Fwp%2Fv2%2Fcomments&post=4323"}],"version-history":[{"count":3,"href":"https:\/\/gatugarden.se\/index.php?rest_route=\/wp\/v2\/pages\/4323\/revisions"}],"predecessor-version":[{"id":4881,"href":"https:\/\/gatugarden.se\/index.php?rest_route=\/wp\/v2\/pages\/4323\/revisions\/4881"}],"up":[{"embeddable":true,"href":"https:\/\/gatugarden.se\/index.php?rest_route=\/wp\/v2\/pages\/4294"}],"wp:attachment":[{"href":"https:\/\/gatugarden.se\/index.php?rest_route=%2Fwp%2Fv2%2Fmedia&parent=4323"}],"curies":[{"name":"wp","href":"https:\/\/api.w.org\/{rel}","templated":true}]}}