{"id":4321,"date":"2020-03-13T09:01:52","date_gmt":"2020-03-13T09:01:52","guid":{"rendered":"https:\/\/gtg.daysoft.se\/?page_id=4321"},"modified":"2022-07-07T14:19:13","modified_gmt":"2022-07-07T13:19:13","slug":"telia-fiber","status":"publish","type":"page","link":"https:\/\/gatugarden.se\/?page_id=4321","title":{"rendered":"Telia Fiber"},"content":{"rendered":"\n<p>Varje fastighet har&nbsp; ett inkommande fiberuttag. Detta kan sitta p\u00e5 olika st\u00e4llen beroende p\u00e5 var man best\u00e4mt vid installationstillf\u00e4llet.&nbsp;Varje hush\u00e5ll har f\u00e5tt en digitalbox samt en switch och en router. Denna utrustning tillh\u00f6r f\u00f6reningen och ska l\u00e4mnas kvar till n\u00e4sta fastighets\u00e4gare vid flytt. Boxarna byttes ut d\u00e5 nuvarande avtal tecknades. \u00c4ldre boxar kan anv\u00e4ndas s\u00e5 l\u00e4nge de fungerar och kasseras d\u00e4refter p\u00e5 \u00e5tervinningscentralen. <\/p>\n\n\n\n<p>Vid fel p\u00e5&nbsp;<strong>fiberuttag<\/strong>&nbsp;p\u00e5 grund av yttre \u00e5verkan \u00e4r fastighets\u00e4garen sj\u00e4lv ers\u00e4ttningsskyldig f\u00f6r detta. Best\u00e4llning av reparation av uttag sker av styrelsen eller fastighetssk\u00f6taren. Extra uttag efter f\u00f6rsta uttag ansvarar fastighets\u00e4garen f\u00f6r.<\/p>\n\n\n\n<p><strong>Felanm\u00e4lan Telia:<\/strong><\/p>\n\n\n\n<p>Telia support: 020-20 20 70. <\/p>\n\n\n\n<p>Uppge f\u00f6reningens kundnummer vid kontakt: KO26882<\/p>\n\n\n\n<p>Hemsida: <a href=\"https:\/\/www.telia.se\/privat\" target=\"_blank\" rel=\"noreferrer noopener\">Privat &#8211; Telia.se<\/a><\/p>\n","protected":false},"excerpt":{"rendered":"<p>Varje fastighet har&nbsp; ett inkommande fiberuttag. Detta kan sitta p\u00e5 olika st\u00e4llen beroende p\u00e5 var man best\u00e4mt vid installationstillf\u00e4llet.&nbsp;Varje hush\u00e5ll har f\u00e5tt en digitalbox samt en switch och en router. &#8230;<\/p>\n","protected":false},"author":1,"featured_media":0,"parent":4294,"menu_order":0,"comment_status":"closed","ping_status":"closed","template":"template-fullwidth.php","meta":{"_s2mail":"yes","footnotes":""},"_links":{"self":[{"href":"https:\/\/gatugarden.se\/index.php?rest_route=\/wp\/v2\/pages\/4321"}],"collection":[{"href":"https:\/\/gatugarden.se\/index.php?rest_route=\/wp\/v2\/pages"}],"about":[{"href":"https:\/\/gatugarden.se\/index.php?rest_route=\/wp\/v2\/types\/page"}],"author":[{"embeddable":true,"href":"https:\/\/gatugarden.se\/index.php?rest_route=\/wp\/v2\/users\/1"}],"replies":[{"embeddable":true,"href":"https:\/\/gatugarden.se\/index.php?rest_route=%2Fwp%2Fv2%2Fcomments&post=4321"}],"version-history":[{"count":3,"href":"https:\/\/gatugarden.se\/index.php?rest_route=\/wp\/v2\/pages\/4321\/revisions"}],"predecessor-version":[{"id":4930,"href":"https:\/\/gatugarden.se\/index.php?rest_route=\/wp\/v2\/pages\/4321\/revisions\/4930"}],"up":[{"embeddable":true,"href":"https:\/\/gatugarden.se\/index.php?rest_route=\/wp\/v2\/pages\/4294"}],"wp:attachment":[{"href":"https:\/\/gatugarden.se\/index.php?rest_route=%2Fwp%2Fv2%2Fmedia&parent=4321"}],"curies":[{"name":"wp","href":"https:\/\/api.w.org\/{rel}","templated":true}]}}