{"id":4312,"date":"2020-03-13T08:59:33","date_gmt":"2020-03-13T08:59:33","guid":{"rendered":"https:\/\/gtg.daysoft.se\/?page_id=4312"},"modified":"2021-01-31T17:33:30","modified_gmt":"2021-01-31T16:33:30","slug":"boulesektionen","status":"publish","type":"page","link":"https:\/\/gatugarden.se\/?page_id=4312","title":{"rendered":"Boulesektionen"},"content":{"rendered":"\n<p><strong>Boule<\/strong><\/p>\n\n\n\n<p>Gatug\u00e5rden Boule Fighters spelar boule p\u00e5 m\u00e5ndagar kl. 16.00. Vid varmt v\u00e4der spelar vi utomhus vid fotbollsplanen. P\u00e5 vintern spelar vi ist\u00e4llet i fritidslokalen med mjuka klot. <\/p>\n\n\n\n<p>Anm\u00e4l dig till:<\/p>\n\n\n\n<p>Birgitta Haglund, telefonnummer: 031-56 11 61<\/p>\n\n\n\n<p><strong>V\u00e4lkommen till en trevlig eftermiddag!<\/strong><\/p>\n","protected":false},"excerpt":{"rendered":"<p>Boule Gatug\u00e5rden Boule Fighters spelar boule p\u00e5 m\u00e5ndagar kl. 16.00. Vid varmt v\u00e4der spelar vi utomhus vid fotbollsplanen. P\u00e5 vintern spelar vi ist\u00e4llet i fritidslokalen med mjuka klot. Anm\u00e4l dig &#8230;<\/p>\n","protected":false},"author":1,"featured_media":0,"parent":4300,"menu_order":0,"comment_status":"closed","ping_status":"closed","template":"template-fullwidth.php","meta":{"_s2mail":"yes","footnotes":""},"_links":{"self":[{"href":"https:\/\/gatugarden.se\/index.php?rest_route=\/wp\/v2\/pages\/4312"}],"collection":[{"href":"https:\/\/gatugarden.se\/index.php?rest_route=\/wp\/v2\/pages"}],"about":[{"href":"https:\/\/gatugarden.se\/index.php?rest_route=\/wp\/v2\/types\/page"}],"author":[{"embeddable":true,"href":"https:\/\/gatugarden.se\/index.php?rest_route=\/wp\/v2\/users\/1"}],"replies":[{"embeddable":true,"href":"https:\/\/gatugarden.se\/index.php?rest_route=%2Fwp%2Fv2%2Fcomments&post=4312"}],"version-history":[{"count":2,"href":"https:\/\/gatugarden.se\/index.php?rest_route=\/wp\/v2\/pages\/4312\/revisions"}],"predecessor-version":[{"id":4487,"href":"https:\/\/gatugarden.se\/index.php?rest_route=\/wp\/v2\/pages\/4312\/revisions\/4487"}],"up":[{"embeddable":true,"href":"https:\/\/gatugarden.se\/index.php?rest_route=\/wp\/v2\/pages\/4300"}],"wp:attachment":[{"href":"https:\/\/gatugarden.se\/index.php?rest_route=%2Fwp%2Fv2%2Fmedia&parent=4312"}],"curies":[{"name":"wp","href":"https:\/\/api.w.org\/{rel}","templated":true}]}}