{"id":4310,"date":"2020-03-13T08:59:08","date_gmt":"2020-03-13T08:59:08","guid":{"rendered":"https:\/\/gtg.daysoft.se\/?page_id=4310"},"modified":"2024-03-19T19:49:19","modified_gmt":"2024-03-19T18:49:19","slug":"bridgesektion","status":"publish","type":"page","link":"https:\/\/gatugarden.se\/?page_id=4310","title":{"rendered":"Bridgesektion"},"content":{"rendered":"\n<p><strong>Bridge<\/strong><\/p>\n\n\n\n<p>Vi spelar familjebridge i fritidslokalen&nbsp;p\u00e5 tisdagar fr\u00e5n kl 15.00 och n\u00e5gra timmar fram\u00e5t. <\/p>\n\n\n\n<p>Kontaktperson \u00e4r Klas-G\u00f6ran Lundin, telefonnummer: 073-800 59 79<\/p>\n\n\n\n<p><strong>Du h\u00e4lsas hj\u00e4rtligt v\u00e4lkommen till en trevlig eftermiddag!<\/strong><\/p>\n","protected":false},"excerpt":{"rendered":"<p>Bridge Vi spelar familjebridge i fritidslokalen&nbsp;p\u00e5 tisdagar fr\u00e5n kl 15.00 och n\u00e5gra timmar fram\u00e5t. Kontaktperson \u00e4r Klas-G\u00f6ran Lundin, telefonnummer: 073-800 59 79 Du h\u00e4lsas hj\u00e4rtligt v\u00e4lkommen till en trevlig eftermiddag!<\/p>\n","protected":false},"author":1,"featured_media":0,"parent":4300,"menu_order":0,"comment_status":"closed","ping_status":"closed","template":"template-fullwidth.php","meta":{"_s2mail":"yes","footnotes":""},"_links":{"self":[{"href":"https:\/\/gatugarden.se\/index.php?rest_route=\/wp\/v2\/pages\/4310"}],"collection":[{"href":"https:\/\/gatugarden.se\/index.php?rest_route=\/wp\/v2\/pages"}],"about":[{"href":"https:\/\/gatugarden.se\/index.php?rest_route=\/wp\/v2\/types\/page"}],"author":[{"embeddable":true,"href":"https:\/\/gatugarden.se\/index.php?rest_route=\/wp\/v2\/users\/1"}],"replies":[{"embeddable":true,"href":"https:\/\/gatugarden.se\/index.php?rest_route=%2Fwp%2Fv2%2Fcomments&post=4310"}],"version-history":[{"count":6,"href":"https:\/\/gatugarden.se\/index.php?rest_route=\/wp\/v2\/pages\/4310\/revisions"}],"predecessor-version":[{"id":5182,"href":"https:\/\/gatugarden.se\/index.php?rest_route=\/wp\/v2\/pages\/4310\/revisions\/5182"}],"up":[{"embeddable":true,"href":"https:\/\/gatugarden.se\/index.php?rest_route=\/wp\/v2\/pages\/4300"}],"wp:attachment":[{"href":"https:\/\/gatugarden.se\/index.php?rest_route=%2Fwp%2Fv2%2Fmedia&parent=4310"}],"curies":[{"name":"wp","href":"https:\/\/api.w.org\/{rel}","templated":true}]}}