{"id":4306,"date":"2020-03-13T08:58:08","date_gmt":"2020-03-13T08:58:08","guid":{"rendered":"https:\/\/gtg.daysoft.se\/?page_id=4306"},"modified":"2023-05-29T06:42:11","modified_gmt":"2023-05-29T05:42:11","slug":"tennis","status":"publish","type":"page","link":"https:\/\/gatugarden.se\/?page_id=4306","title":{"rendered":"Tennis"},"content":{"rendered":"\n<p><strong>Tennis<\/strong><\/p>\n\n\n\n<p>F\u00f6reningen har en tennisplan tillg\u00e4nglig f\u00f6r alla boende i omr\u00e5de. T\u00e4nk bara p\u00e5 att l\u00e4mna den i samma fina skick som n\u00e4r du kom! <\/p>\n\n\n\n<p>Tidigare har det beh\u00f6vts abonnemang och tidsbokning f\u00f6r att nyttja planen. Detta har nu slopats med syfte att g\u00f6ra tennisplanen mer tillg\u00e4nglig och s\u00e5 att fler k\u00e4nner att de kan nyttja den. <\/p>\n\n\n\n<p>Ta g\u00e4rna kontakt med fastighetssk\u00f6taren vid funderingar! <\/p>\n","protected":false},"excerpt":{"rendered":"<p>Tennis F\u00f6reningen har en tennisplan tillg\u00e4nglig f\u00f6r alla boende i omr\u00e5de. T\u00e4nk bara p\u00e5 att l\u00e4mna den i samma fina skick som n\u00e4r du kom! Tidigare har det beh\u00f6vts abonnemang &#8230;<\/p>\n","protected":false},"author":1,"featured_media":0,"parent":4294,"menu_order":0,"comment_status":"closed","ping_status":"closed","template":"template-fullwidth.php","meta":{"_s2mail":"yes","footnotes":""},"_links":{"self":[{"href":"https:\/\/gatugarden.se\/index.php?rest_route=\/wp\/v2\/pages\/4306"}],"collection":[{"href":"https:\/\/gatugarden.se\/index.php?rest_route=\/wp\/v2\/pages"}],"about":[{"href":"https:\/\/gatugarden.se\/index.php?rest_route=\/wp\/v2\/types\/page"}],"author":[{"embeddable":true,"href":"https:\/\/gatugarden.se\/index.php?rest_route=\/wp\/v2\/users\/1"}],"replies":[{"embeddable":true,"href":"https:\/\/gatugarden.se\/index.php?rest_route=%2Fwp%2Fv2%2Fcomments&post=4306"}],"version-history":[{"count":2,"href":"https:\/\/gatugarden.se\/index.php?rest_route=\/wp\/v2\/pages\/4306\/revisions"}],"predecessor-version":[{"id":5106,"href":"https:\/\/gatugarden.se\/index.php?rest_route=\/wp\/v2\/pages\/4306\/revisions\/5106"}],"up":[{"embeddable":true,"href":"https:\/\/gatugarden.se\/index.php?rest_route=\/wp\/v2\/pages\/4294"}],"wp:attachment":[{"href":"https:\/\/gatugarden.se\/index.php?rest_route=%2Fwp%2Fv2%2Fmedia&parent=4306"}],"curies":[{"name":"wp","href":"https:\/\/api.w.org\/{rel}","templated":true}]}}