{"id":4304,"date":"2020-03-13T08:57:48","date_gmt":"2020-03-13T08:57:48","guid":{"rendered":"https:\/\/gtg.daysoft.se\/?page_id=4304"},"modified":"2025-04-03T14:53:01","modified_gmt":"2025-04-03T13:53:01","slug":"bastun","status":"publish","type":"page","link":"https:\/\/gatugarden.se\/?page_id=4304","title":{"rendered":"Bastun"},"content":{"rendered":"\n<p>Bastun bokas via f\u00f6reningens hemsida. Klicka <a href=\"https:\/\/gatugarden.se\/?page_id=4454\">h\u00e4r <\/a>f\u00f6r att komma till bokningen alternativt boka via bokningstavlan som finns i tv\u00e4ttstugan. Access till bastun ges via din tag. Bastun g\u00e5r att boka i tv\u00e5timmarsintervall samtliga dagar i veckan, v\u00e4nligen respektera bastutiderna. Det g\u00e5r att boka bastun max 1 m\u00e5nad i f\u00f6rv\u00e4g och det g\u00e5r att ha 2 bokningar per fastighet \u00e5t g\u00e5ngen.<\/p>\n\n\n\n<p>F\u00f6reningen tar ut en avgift f\u00f6r att anv\u00e4nda bastun, vilken betalas med betalkort i bastun i samband med att den s\u00e4tts p\u00e5. Betalstationen \u00e4r enkel att anv\u00e4nda och det finns tydliga instruktioner bredvid automaten. Syftet med avgiften \u00e4r dels att t\u00e4cka drift- och underh\u00e5llskostnader, s\u00e5som el, vatten och service. Samt dels att s\u00e4kerst\u00e4lla att v\u00e5ra gemensamma utrymmen anv\u00e4nds p\u00e5 ett ansvarsfullt och r\u00e4ttvist s\u00e4tt av alla boende. Priset baseras p\u00e5 det genomsnittliga elpriset och justeras vid behov. Duscharna g\u00e5r att anv\u00e4nda utan betalning.<\/p>\n\n\n\n<p>Instruktion om kostnad och instruktion f\u00f6r betalning hittar du <a href=\"https:\/\/gatugarden.se\/wp-content\/uploads\/2025\/04\/2025-04-02-Instruktion-betalning-Bastu.pdf\">h\u00e4r<\/a>.<\/p>\n\n\n\n<p>Tack f\u00f6r att du l\u00e4mnar bastun i det skick du vill finna den n\u00e4r du kommer dit!<\/p>\n\n\n\n<p><br><\/p>\n","protected":false},"excerpt":{"rendered":"<p>Bastun bokas via f\u00f6reningens hemsida. Klicka h\u00e4r f\u00f6r att komma till bokningen alternativt boka via bokningstavlan som finns i tv\u00e4ttstugan. Access till bastun ges via din tag. Bastun g\u00e5r att &#8230;<\/p>\n","protected":false},"author":1,"featured_media":0,"parent":4300,"menu_order":0,"comment_status":"closed","ping_status":"closed","template":"template-fullwidth.php","meta":{"_s2mail":"yes","footnotes":""},"_links":{"self":[{"href":"https:\/\/gatugarden.se\/index.php?rest_route=\/wp\/v2\/pages\/4304"}],"collection":[{"href":"https:\/\/gatugarden.se\/index.php?rest_route=\/wp\/v2\/pages"}],"about":[{"href":"https:\/\/gatugarden.se\/index.php?rest_route=\/wp\/v2\/types\/page"}],"author":[{"embeddable":true,"href":"https:\/\/gatugarden.se\/index.php?rest_route=\/wp\/v2\/users\/1"}],"replies":[{"embeddable":true,"href":"https:\/\/gatugarden.se\/index.php?rest_route=%2Fwp%2Fv2%2Fcomments&post=4304"}],"version-history":[{"count":9,"href":"https:\/\/gatugarden.se\/index.php?rest_route=\/wp\/v2\/pages\/4304\/revisions"}],"predecessor-version":[{"id":5395,"href":"https:\/\/gatugarden.se\/index.php?rest_route=\/wp\/v2\/pages\/4304\/revisions\/5395"}],"up":[{"embeddable":true,"href":"https:\/\/gatugarden.se\/index.php?rest_route=\/wp\/v2\/pages\/4300"}],"wp:attachment":[{"href":"https:\/\/gatugarden.se\/index.php?rest_route=%2Fwp%2Fv2%2Fmedia&parent=4304"}],"curies":[{"name":"wp","href":"https:\/\/api.w.org\/{rel}","templated":true}]}}