{"id":4302,"date":"2020-03-13T08:57:26","date_gmt":"2020-03-13T08:57:26","guid":{"rendered":"https:\/\/gtg.daysoft.se\/?page_id=4302"},"modified":"2022-12-19T11:10:03","modified_gmt":"2022-12-19T10:10:03","slug":"fritidslokalen","status":"publish","type":"page","link":"https:\/\/gatugarden.se\/?page_id=4302","title":{"rendered":"Fritidslokalen"},"content":{"rendered":"\n<p><strong>Gatug\u00e5rdens fritidslokal p\u00e5 Vitkl\u00f6vern 8<\/strong><\/p>\n\n\n\n<p>Bokning av lokalen g\u00f6rs via hemsidan alternativt via bokningstavlan som sitter i f\u00f6reningens tv\u00e4ttstuga<em><strong>. Efter bokning \u00e5ligger det den som bokar att ta kontakt och boka tid med fastighetssk\u00f6tare Anders f\u00f6r att skriva kontrakt samt betala via swish senast 2 vardagar f\u00f6re bokat datum<\/strong><\/em>. Observera att \u00e5terbetalning inte sker \u00e4ven om lokalen inte nyttjas. Vid utebliven betalning raderas bokning och andra kan boka lokalen. F\u00f6r bokning samt mer information om hur du bokar, tryck <a href=\"https:\/\/gatugarden.se\/?page_id=4454\">h\u00e4r<\/a>.  <\/p>\n\n\n\n<p>Vid fr\u00e5gor lokalen tas kontakt med v\u00e5r fastighetssk\u00f6tare Anders m\u00e5ndag-fredag dagtid. Vid fr\u00e5gor p\u00e5 jourtid (exempelvis kv\u00e4llar\/helger) finns akut telefonnummer p\u00e5 anslagstavlan vid expeditionen.  <\/p>\n\n\n\n<p><br><strong><em>V\u00e4lkommen att hyra v\u00e5r fina lokal, mycket n\u00f6je!<\/em><\/strong><br><\/p>\n\n\n\n<ul>\n<li>I lokalen f\u00e5r det vistas maximalt 75 personer (enligt brandmyndighetens anvisning)<\/li>\n\n\n\n<li>Det finns sittplatser f\u00f6r 50 personer<\/li>\n\n\n\n<li>Det finns servis, glas och porslin f\u00f6r ca 50 personer<\/li>\n\n\n\n<li>M\u00e5ndag till torsdag: Uthyrning sker i 2 timmars-intervall. Kostnad \u00e4r 100 kronor per 2 timmar. Kostnad f\u00f6r att hyra ett dygn \u00e4r 500 kronor<\/li>\n\n\n\n<li>Fredag till s\u00f6ndag: Lokalen hyrs dygnsvis fr\u00e5n kl 12.00 till kl 11.00 p\u00e5f\u00f6ljande dag. Kostnad \u00e4r 500 kronor per dygn<\/li>\n\n\n\n<li>Betalning sker f\u00f6retr\u00e4desvis via swish, kontakta fastighetssk\u00f6tare Anders i samband med betalningen. <a href=\"https:\/\/gatugarden.se\/wp-content\/uploads\/2022\/12\/Hyresavtal-och-ordningsregler-GEF-Lokalen-dec-2022.pdf\">Hyresavtal <\/a>ska vara p\u00e5skrivet och betalningen ska vara f\u00f6reningen till handa senast 2 vardagar f\u00f6re uthyrningsdatumet f\u00f6r att tilltr\u00e4de ska kunna ges<\/li>\n\n\n\n<li>Lokalen skall d\u00e5 vara iordningst\u00e4lld, st\u00e4dad och utrymd senast kl. 11.00<\/li>\n\n\n\n<li>Alla aktiviteter skall vara avslutade kl. 02.00, d\u00e5 skall det vara tyst!<\/li>\n<\/ul>\n\n\n\n<p><br><strong>Ansvar mot grannar<\/strong><br>Hyresg\u00e4sten ansvarar f\u00f6r att det inte f\u00f6rekommer s\u00e5dana aktiviteter eller s\u00e5dana h\u00f6ga ljudniv\u00e5er, varken inom eller utanf\u00f6r lokalen, som st\u00f6r grannarna.<\/p>\n\n\n\n<p><strong>R\u00f6kning f\u00f6rbjuden<\/strong><br>R\u00f6kning inom lokalen \u00e4r absolut f\u00f6rbjuden.<\/p>\n\n\n\n<p><strong>Ansvar vid st\u00f6ld eller skadeg\u00f6relse<\/strong><br>Hyresv\u00e4rden ansvarar p\u00e5 inget s\u00e4tt f\u00f6r kl\u00e4der eller annan egendom som tillh\u00f6r hyresg\u00e4sten eller dennes g\u00e4ster.<\/p>\n\n\n\n<p><strong>Ansvar vid skadeg\u00f6relse<\/strong><br>Hyresg\u00e4sten \u00e4r ers\u00e4ttningsskyldig om skador uppst\u00e5r i samband med uthyrningen; p\u00e5 lokalen, inventarierna, k\u00f6ksutrustningen, toalettutrymmena och musikanl\u00e4ggningen. Uppkommen skada skall omedelbart anm\u00e4las till lokaluthyraren.<\/p>\n\n\n\n<p><strong>\u00d6vrigt<br><\/strong>Tillst\u00e4llningen f\u00e5r inte ha offentlig karakt\u00e4r. Tillst\u00e4llningen f\u00e5r inte annonseras ut till andra \u00e4n f\u00f6reningens medlemmar.&nbsp;Tilltr\u00e4de g\u00e4ller endast f\u00f6r hyresg\u00e4stens inbjudna g\u00e4ster.<\/p>\n\n\n\n<p><strong>Ordningsregler<br><\/strong>Hyresg\u00e4sten ansvarar f\u00f6r att f\u00f6reskrifter noggrant&nbsp;f\u00f6ljs. Om inte dessa ordningsregler och villkor f\u00f6ljs, kan hyresg\u00e4sten ha f\u00f6rbrukat sin r\u00e4tt att hyra lokalen i framtiden.<\/p>\n\n\n\n<p><strong>Iordningst\u00e4llande av lokalen<\/strong><br>Innan hyresg\u00e4sten l\u00e4mnar lokalen skall densamma iordningst\u00e4llas av hyresg\u00e4sten, vilket inneb\u00e4r f\u00f6ljande (reng\u00f6ringsmaterial finns i lokalen):<\/p>\n\n\n\n<ul>\n<li>att k\u00f6ket noggrant reng\u00f6res (golv, b\u00e4nkar, spis, kylsk\u00e5p)<\/li>\n\n\n\n<li>att anv\u00e4nd k\u00f6ksutrustningen diskas, torkas och st\u00e4lls tillbaka p\u00e5 sin r\u00e4tta plats<\/li>\n\n\n\n<li>att anv\u00e4nda inventarier reng\u00f6res och st\u00e4lls tillbaka p\u00e5 sina r\u00e4tta platser<\/li>\n\n\n\n<li>att borden och stolar torkas av<\/li>\n\n\n\n<li>att golven reng\u00f6rs (sopa\/dammsug och v\u00e5ttorkas)<\/li>\n\n\n\n<li>att toalettutrymmenas golv, handfat  och toalett reng\u00f6rs<\/li>\n\n\n\n<li>att utsidan av lokalen \u00e4r st\u00e4dad fr\u00e5n fimpar, flaskor, burkar, ljusstumpar och annat skr\u00e4p<\/li>\n\n\n\n<li>att altand\u00f6rr och alla f\u00f6nster \u00e4r st\u00e4ngda<\/li>\n\n\n\n<li>att soporna medtages av hyresg\u00e4sten<\/li>\n\n\n\n<li>att belysningen \u00e4r sl\u00e4ckt n\u00e4r lokalen l\u00e4mnas samt att lokalen \u00e4r l\u00e5st<\/li>\n<\/ul>\n\n\n\n<p>Lista p\u00e5 ers\u00e4ttning ifall inventarier skulle g\u00e5 s\u00f6nder under din bokning hittar du <a href=\"https:\/\/gatugarden.se\/wp-content\/uploads\/2021\/06\/Ersattning-for-inventarier-Fritidslokalen-juni-2021.pdf\">h\u00e4r<\/a>. <\/p>\n\n\n\n<p><br>2022-02-11<br>Styrelsen, Gatug\u00e5rden Ekonomisk F\u00f6rening<\/p>\n","protected":false},"excerpt":{"rendered":"<p>Gatug\u00e5rdens fritidslokal p\u00e5 Vitkl\u00f6vern 8 Bokning av lokalen g\u00f6rs via hemsidan alternativt via bokningstavlan som sitter i f\u00f6reningens tv\u00e4ttstuga. Efter bokning \u00e5ligger det den som bokar att ta kontakt och &#8230;<\/p>\n","protected":false},"author":1,"featured_media":0,"parent":4300,"menu_order":0,"comment_status":"closed","ping_status":"closed","template":"template-fullwidth.php","meta":{"_s2mail":"yes","footnotes":""},"_links":{"self":[{"href":"https:\/\/gatugarden.se\/index.php?rest_route=\/wp\/v2\/pages\/4302"}],"collection":[{"href":"https:\/\/gatugarden.se\/index.php?rest_route=\/wp\/v2\/pages"}],"about":[{"href":"https:\/\/gatugarden.se\/index.php?rest_route=\/wp\/v2\/types\/page"}],"author":[{"embeddable":true,"href":"https:\/\/gatugarden.se\/index.php?rest_route=\/wp\/v2\/users\/1"}],"replies":[{"embeddable":true,"href":"https:\/\/gatugarden.se\/index.php?rest_route=%2Fwp%2Fv2%2Fcomments&post=4302"}],"version-history":[{"count":20,"href":"https:\/\/gatugarden.se\/index.php?rest_route=\/wp\/v2\/pages\/4302\/revisions"}],"predecessor-version":[{"id":5003,"href":"https:\/\/gatugarden.se\/index.php?rest_route=\/wp\/v2\/pages\/4302\/revisions\/5003"}],"up":[{"embeddable":true,"href":"https:\/\/gatugarden.se\/index.php?rest_route=\/wp\/v2\/pages\/4300"}],"wp:attachment":[{"href":"https:\/\/gatugarden.se\/index.php?rest_route=%2Fwp%2Fv2%2Fmedia&parent=4302"}],"curies":[{"name":"wp","href":"https:\/\/api.w.org\/{rel}","templated":true}]}}