{"id":4300,"date":"2020-03-13T08:56:45","date_gmt":"2020-03-13T08:56:45","guid":{"rendered":"https:\/\/gtg.daysoft.se\/?page_id=4300"},"modified":"2022-01-17T09:53:06","modified_gmt":"2022-01-17T08:53:06","slug":"aktiviteter","status":"publish","type":"page","link":"https:\/\/gatugarden.se\/?page_id=4300","title":{"rendered":"Aktiviteter"},"content":{"rendered":"\n<p><a href=\"https:\/\/gatugarden.se\/?page_id=4306\" data-type=\"page\" data-id=\"4306\">Tennis<\/a><\/p>\n\n\n\n<p><a href=\"https:\/\/gatugarden.se\/?page_id=4304\" data-type=\"page\" data-id=\"4304\">Bastun<\/a><\/p>\n\n\n\n<p><a href=\"https:\/\/gatugarden.se\/?page_id=4302\" data-type=\"page\" data-id=\"4302\">Fritidslokalen<\/a><\/p>\n\n\n\n<p><a href=\"https:\/\/gatugarden.se\/?page_id=4310\" data-type=\"page\" data-id=\"4310\">Bridgesektionen<\/a><\/p>\n\n\n\n<p><a href=\"https:\/\/gatugarden.se\/?page_id=4308\" data-type=\"page\" data-id=\"4308\">Barnsektionen<\/a><\/p>\n\n\n\n<p><a href=\"https:\/\/gatugarden.se\/?page_id=4312\" data-type=\"page\" data-id=\"4312\">Boulesektionen<\/a><\/p>\n\n\n\n<p><br><strong>Hj\u00e4rtstartare<\/strong><br>Gatug\u00e5rden Ekonomisk F\u00f6rening \u00e4ger en hj\u00e4rtstartare. Den \u00e4r placerad i ett sk\u00e5p p\u00e5 expeditionen (Vitkl\u00f6vern 2). <\/p>\n\n\n\n<p>F\u00f6r att anv\u00e4nda hj\u00e4rtstartaren \u00f6ppnas  det ol\u00e5sta sk\u00e5pet. Sk\u00e5pet \u00e4r larmat med syfte att p\u00e5kalla hj\u00e4lp vid ett hj\u00e4rtstopp. Hj\u00e4rtstartaren \u00e4r automatisk, sj\u00e4lvinstruerande och enkel att hantera, alla ska kunna anv\u00e4nda denna vid behov. Den g\u00e5r att anv\u00e4nda p\u00e5 alla, fr\u00e5n sp\u00e4dbarn till \u00e4ldre.<\/p>\n","protected":false},"excerpt":{"rendered":"<p>Tennis Bastun Fritidslokalen Bridgesektionen Barnsektionen Boulesektionen Hj\u00e4rtstartareGatug\u00e5rden Ekonomisk F\u00f6rening \u00e4ger en hj\u00e4rtstartare. Den \u00e4r placerad i ett sk\u00e5p p\u00e5 expeditionen (Vitkl\u00f6vern 2). F\u00f6r att anv\u00e4nda hj\u00e4rtstartaren \u00f6ppnas det ol\u00e5sta sk\u00e5pet. &#8230;<\/p>\n","protected":false},"author":1,"featured_media":0,"parent":0,"menu_order":0,"comment_status":"closed","ping_status":"closed","template":"template-fullwidth.php","meta":{"_s2mail":"yes","footnotes":""},"_links":{"self":[{"href":"https:\/\/gatugarden.se\/index.php?rest_route=\/wp\/v2\/pages\/4300"}],"collection":[{"href":"https:\/\/gatugarden.se\/index.php?rest_route=\/wp\/v2\/pages"}],"about":[{"href":"https:\/\/gatugarden.se\/index.php?rest_route=\/wp\/v2\/types\/page"}],"author":[{"embeddable":true,"href":"https:\/\/gatugarden.se\/index.php?rest_route=\/wp\/v2\/users\/1"}],"replies":[{"embeddable":true,"href":"https:\/\/gatugarden.se\/index.php?rest_route=%2Fwp%2Fv2%2Fcomments&post=4300"}],"version-history":[{"count":5,"href":"https:\/\/gatugarden.se\/index.php?rest_route=\/wp\/v2\/pages\/4300\/revisions"}],"predecessor-version":[{"id":4832,"href":"https:\/\/gatugarden.se\/index.php?rest_route=\/wp\/v2\/pages\/4300\/revisions\/4832"}],"wp:attachment":[{"href":"https:\/\/gatugarden.se\/index.php?rest_route=%2Fwp%2Fv2%2Fmedia&parent=4300"}],"curies":[{"name":"wp","href":"https:\/\/api.w.org\/{rel}","templated":true}]}}