{"id":4294,"date":"2020-03-13T08:53:27","date_gmt":"2020-03-13T08:53:27","guid":{"rendered":"https:\/\/gtg.daysoft.se\/?page_id=4294"},"modified":"2025-02-27T17:50:12","modified_gmt":"2025-02-27T16:50:12","slug":"foreningen","status":"publish","type":"page","link":"https:\/\/gatugarden.se\/?page_id=4294","title":{"rendered":"F\u00f6reningen"},"content":{"rendered":"\n<p><strong>Det h\u00e4r \u00e4r Gatug\u00e5rden<\/strong><\/p>\n\n\n\n<p>Gatug\u00e5rden \u00e4r ett bostadsomr\u00e5de i centrala Torslanda som utg\u00f6rs av 289 fastigheter f\u00f6rdelade p\u00e5 34 radhusl\u00e4ngor, med gatuadresser p\u00e5 Gatug\u00e5rdsv\u00e4gen, Vitkl\u00f6vern, R\u00f6dkl\u00f6vern och V\u00e5rb\u00e4cksv\u00e4gen.<\/p>\n\n\n\n<p><br><strong>Gatug\u00e5rden Ekonomisk F\u00f6rening <\/strong><\/p>\n\n\n\n<p>Gatug\u00e5rden Ekonomisk F\u00f6rening \u00e4r en ekonomisk f\u00f6rening som verkar f\u00f6r alla boende i omr\u00e5det. Varje fastighets\u00e4gare i omr\u00e5det har f\u00e5tt pantf\u00f6rskriva ett pantbrev om 5000 kronor till f\u00f6reningen med syfte att verka som s\u00e4kerhet f\u00f6r f\u00f6reningens krediter samt som garant att medlemmen fullg\u00f6r sina f\u00f6rpliktelser betr\u00e4ffande avgiften.<br><br>F\u00f6reningen genomf\u00f6r allm\u00e4nna st\u00e4ddagar 2 g\u00e5nger\/per \u00e5r, f\u00f6rlagda p\u00e5 h\u00f6sten och v\u00e5ren. Under st\u00e4ddagarna hj\u00e4lps alla boende i omr\u00e5det \u00e5t att snygga till v\u00e5ra gemensamma utrymmen samt det genomf\u00f6rs inspektion av garage och husgrunder. Fastighets\u00e4garen f\u00f6rv\u00e4ntas delta i arbetet f\u00f6r den gemensamma trevnaden. Styrelsen finns tillg\u00e4nglig under dessa dagar f\u00f6r eventuella fr\u00e5gor och brukar f\u00f6rs\u00f6ka anordna n\u00e5gon form av gemensam aktivitet under dagarna, s\u00e5som korvgrillning eller liknande.<br><br>I varje husl\u00e4nga ska det finnas ett kontaktombud. Tr\u00e4ffar f\u00f6r dessa h\u00e5lls 2 g\u00e5nger\/\u00e5r, normalt n\u00e5gon vecka f\u00f6re st\u00e4ddagarna. D\u00e5 meddelas riktlinjer f\u00f6r st\u00e4ddagar samt det finns utrymme f\u00f6r \u00f6vriga fr\u00e5gor.<br><br>I omr\u00e5det finns en fritidslokal godk\u00e4nd f\u00f6r maximalt 75 personer att hyra f\u00f6r medlemmar i f\u00f6reningen till en l\u00e5g kostnad. Det finns \u00e4ven en bastu, tv\u00e4ttstuga med industritv\u00e4ttmaskin och en tennisplan att boka\/nyttja f\u00f6r medlemmar. I f\u00f6reningen finns ocks\u00e5 olika sektioner f\u00f6r fritidsaktiviteter, s\u00e5som boulesektionen, bridgesektionen samt barnsektionen som bland annat \u00e5rligen f\u00f6rs\u00f6ker anordna en mycket uppskattad sp\u00f6kpromenad i samband med Halloween.<br><br>Det finns en fastighetssk\u00f6tare anst\u00e4lld av f\u00f6reningen.<\/p>\n\n\n\n<p><br><strong>Styrelsen<\/strong><\/p>\n\n\n\n<p>F\u00f6reningens styrelse utg\u00f6rs av 3-5 ledam\u00f6ter samt 2 suppleanter och tr\u00e4ffas p\u00e5 styrelsem\u00f6ten ca 10 g\u00e5nger\/\u00e5r. Det finns \u00e4ven en revisor och en revisorssuppleant som deltar p\u00e5 styrelsem\u00f6tena i den m\u00e5n det \u00e4r m\u00f6jligt. P\u00e5 styrelsem\u00f6tena redovisas samt fattas beslut g\u00e4llande fr\u00e5gor kring ekonomi, drift samt fr\u00e5gor fr\u00e5n medlemmar. Kontaktuppgifter finns p\u00e5 f\u00f6reningens hemsida. \u00c5rsst\u00e4mma genomf\u00f6rs under v\u00e5ren varje \u00e5r, d\u00e4r f\u00f6reningens verksamhetsber\u00e4ttelse redovisas samt val av ledam\u00f6ter och suppleanter genomf\u00f6rs och inkomna motioner redovisas och beslutas. Inf\u00f6r \u00e5rsst\u00e4mman delas en kallelse samt verksamhetsber\u00e4ttelse ut till varje fastighet inom f\u00f6reningen.<\/p>\n\n\n\n<p><br><strong>F\u00f6renings ansvar<\/strong><\/p>\n\n\n\n<p>I omr\u00e5det finns fastighetsbeteckningen 45:290, som best\u00e5r av all gemensamt, s\u00e5som mark, byggnader, teknisk utrustning f\u00f6r uppv\u00e4rmning, lekplatser inklusive utrustning, garage, tv\u00e4ttstuga etcetera. Detta f\u00f6rvaltas av f\u00f6reningen, som \u00e4ven hanterar vatten, v\u00e4rme, soph\u00e4mtning, garage och ger tillg\u00e5ng till de gemensamma anl\u00e4ggningarna s\u00e5som fritidslokalen, bastun, tennisplanen med mera. Via f\u00f6reningen \u00e4r alla fastigheter fullv\u00e4rdesf\u00f6rs\u00e4krade hos L\u00e4nsf\u00f6rs\u00e4kringar (ers\u00e4tter ej hemf\u00f6rs\u00e4kring). Det \u00e4r obligatoriskt f\u00f6r alla fastighets\u00e4gare att vara medlemmar i f\u00f6reningen och varje fastighet \u00e4ger en styck andel av densamma. Det \u00e4r endast fastighets\u00e4gare i Gatug\u00e5rden som kan vara medlemmar i f\u00f6reningen. Varje fastighets\u00e4gare betalar en m\u00e5nadsavgift till f\u00f6reningen som fastst\u00e4lls \u00e5rligen.<br><br>F\u00f6reningen ansvarar f\u00f6r:<br>\u2981 Panncentral samt undercentral med mangel och tv\u00e4ttstuga<br>\u2981 Gr\u00f6nomr\u00e5den, lekplatser samt boll- och tennisbana<br>\u2981 Garage<br>\u2981 Fritidslokalen och bastun<br>\u2981 V\u00e4gar, parkeringsplatser och g\u00e5ngar p\u00e5 f\u00f6reningens mark (ej bilv\u00e4gar)<br>\u2981 Belysning<br>\u2981 V\u00e4rme samt varm- och kallvatten till bostadsfastigheterna<br>\u2981 Planering och utf\u00f6rande av underh\u00e5ll p\u00e5 de gemensamma anl\u00e4ggningarna<br>\u2981 Planering och utf\u00f6rande av underh\u00e5ll av yttertak samt r\u00f6rsystem i fastigheternas grunder<br>\u2981 Administration, s\u00e5som ekonomisk planering, avgiftskalkyl, bokf\u00f6ring, information till medlemmar, fastighets\u00f6verl\u00e5telser med mera<br>\u2981 Personal som ansvarar f\u00f6r den dagliga tillsynen och sk\u00f6tseln av f\u00f6reningens anl\u00e4ggningar<\/p>\n\n\n\n<p><br><strong>Ordningsregler<\/strong><\/p>\n\n\n\n<p>F\u00f6r v\u00e5r gemensamma trivsel har vissa regler fastst\u00e4llts av f\u00f6reningens medlemmar;<br>\u2981 Parkering f\u00e5r, f\u00f6rutom i garagen, endast ske p\u00e5 markerade platser. Det \u00e4r f\u00f6rbjudet att parkera framf\u00f6r garagen eller p\u00e5 trottoarer.<br>\u2981 Efter kontakt med fastighetssk\u00f6tare alternativt drift- eller underh\u00e5llsansvarig i styrelsen \u00e4r det till\u00e5tet att st\u00e4lla upp fordon f\u00f6r l\u00e4ngre parkering (maximalt ca 1 vecka) p\u00e5 parkeringen vid Gatug\u00e5rdsv\u00e4gen 1.<br>\u2981 Garagen i f\u00f6reningen ska anv\u00e4ndas till parkering av fordon.<br>\u2981 Mopedk\u00f6rning p\u00e5 g\u00e5ngbanorna inom omr\u00e5det \u00e4r inte till\u00e5tet.<br>\u2981 Fastighets\u00e4garens ansvar f\u00f6r sk\u00f6tsel av tr\u00e4dg\u00e5rden innefattar att klippa h\u00e4ckarna runt den egna tomten s\u00e5 det inte v\u00e4xer ut \u00f6ver asfalten. Ogr\u00e4s mellan h\u00e4ck och asfaltstomt ska rensas bort, b\u00e5de p\u00e5 fram- och baksida av fastigheten.<br>\u2981 De fastighets\u00e4gare som har tomter som gr\u00e4nsar till gator och g\u00e5ngbanor som tillh\u00f6r kommunen \u00e4r skyldiga att tillse att buskar och h\u00e4ckar inte skymmer sikten f\u00f6r trafikanterna.<br>\u2981 G\u00e5ngarna mellan husen plogas vintertid i m\u00e5n av tid, men de prioriteras inte. Sn\u00f6r\u00f6jning m\u00e5ste i f\u00f6rsta hand ske p\u00e5 allm\u00e4nna g\u00e5ngar och p\u00e5 parkeringsplatser. Den enskilde fastighets\u00e4garen har ansvar f\u00f6r sn\u00f6r\u00f6jning och halkbek\u00e4mpning till 1,5 meter utanf\u00f6r tomtgr\u00e4nsen.<br><\/p>\n\n\n\n<p><br><strong>Parkeringstillst\u00e5nd f\u00f6r korttidsparkering p\u00e5 parkeringen vid Gatug\u00e5rdsv\u00e4gen 1<\/strong><\/p>\n\n\n\n<p>Gatug\u00e5rden Ekonomisk F\u00f6rening erbjuder boende i omr\u00e5det korttidsparkering p\u00e5 f\u00f6reningens parkeringsplats vid Gatug\u00e5rdsv\u00e4gen 1. F\u00f6r uppst\u00e4llning kr\u00e4vs ett parkeringstillst\u00e5nd som kvitteras ut via expeditionen. Tillst\u00e5ndet g\u00e4ller i 1 vecka, med m\u00f6jlighet till f\u00f6rl\u00e4ngning efter kontakt med fastighetssk\u00f6tare eller styrelsemedlem.<\/p>\n\n\n\n<p>Tiden f\u00f6r hur l\u00e4nge parkeringstillst\u00e5ndet g\u00e4ller kan komma att \u00e4ndras beroende p\u00e5 parkeringssituationen i omr\u00e5det. Vid behov av fler parkeringsplatser kommer tiden f\u00f6r l\u00e5ngtidsparkering att minska, information om detta kommer d\u00e5 finnas p\u00e5 f\u00f6reningens hemsida.<\/p>\n\n\n\n<p>Vid uppst\u00e4llning av exempelvis fordon eller sl\u00e4pvagnar\/trailers utan tillst\u00e5nd sker bortforsling av dessa av f\u00f6reningens parkeringsbolag V\u00e4stia Parkering.<\/p>\n\n\n\n<p><br><strong>Hemsidan och Facebook:<\/strong><\/p>\n\n\n\n<p>F\u00f6reningens kanaler f\u00f6r att f\u00f6rmedla information \u00e4r fr\u00e4mst via v\u00e5r hemsida, d\u00e4r vi alltid f\u00f6rs\u00f6ker publicera varaktig och viktig information om f\u00f6reningen eller omr\u00e5det, samt v\u00e5r Facebook-sida. \u00c4ven h\u00e4r publiceras viktig information, fr\u00e4mst kortare notiser eller p\u00e5minnelser som vi vill kunna f\u00f6rmedla snabbt i omr\u00e5det. Det \u00e4r endast viktiga nyheter\/informationer som delas ut p\u00e5 papper till samtliga hush\u00e5ll, f\u00f6rutom ett nyhetsbrev som utkommer ett par g\u00e5nger per \u00e5r. F\u00f6r dem som saknar tillg\u00e5ng till hemsida och Facebook g\u00e5r det att anm\u00e4la detta till expeditionen, d\u00e4r det skrivs upp p\u00e5 en lista vilka hush\u00e5ll vi ist\u00e4llet delar ut information skriftligt i pappersformat till.<\/p>\n\n\n\n<p><br><a href=\"https:\/\/gatugarden.se\/wp-content\/uploads\/2021\/01\/GEF_stadgar.pdf\" data-type=\"URL\" data-id=\"https:\/\/gatugarden.se\/wp-content\/uploads\/2021\/01\/GEF_stadgar.pdf\" target=\"_blank\" rel=\"noreferrer noopener\">F\u00f6reningens stadgar<\/a><br><br><\/p>\n\n\n\n<p><\/p>\n\n\n\n<p><\/p>\n","protected":false},"excerpt":{"rendered":"<p>Det h\u00e4r \u00e4r Gatug\u00e5rden Gatug\u00e5rden \u00e4r ett bostadsomr\u00e5de i centrala Torslanda som utg\u00f6rs av 289 fastigheter f\u00f6rdelade p\u00e5 34 radhusl\u00e4ngor, med gatuadresser p\u00e5 Gatug\u00e5rdsv\u00e4gen, Vitkl\u00f6vern, R\u00f6dkl\u00f6vern och V\u00e5rb\u00e4cksv\u00e4gen. Gatug\u00e5rden Ekonomisk &#8230;<\/p>\n","protected":false},"author":1,"featured_media":0,"parent":0,"menu_order":0,"comment_status":"closed","ping_status":"closed","template":"template-fullwidth.php","meta":{"_s2mail":"yes","footnotes":""},"_links":{"self":[{"href":"https:\/\/gatugarden.se\/index.php?rest_route=\/wp\/v2\/pages\/4294"}],"collection":[{"href":"https:\/\/gatugarden.se\/index.php?rest_route=\/wp\/v2\/pages"}],"about":[{"href":"https:\/\/gatugarden.se\/index.php?rest_route=\/wp\/v2\/types\/page"}],"author":[{"embeddable":true,"href":"https:\/\/gatugarden.se\/index.php?rest_route=\/wp\/v2\/users\/1"}],"replies":[{"embeddable":true,"href":"https:\/\/gatugarden.se\/index.php?rest_route=%2Fwp%2Fv2%2Fcomments&post=4294"}],"version-history":[{"count":31,"href":"https:\/\/gatugarden.se\/index.php?rest_route=\/wp\/v2\/pages\/4294\/revisions"}],"predecessor-version":[{"id":5360,"href":"https:\/\/gatugarden.se\/index.php?rest_route=\/wp\/v2\/pages\/4294\/revisions\/5360"}],"wp:attachment":[{"href":"https:\/\/gatugarden.se\/index.php?rest_route=%2Fwp%2Fv2%2Fmedia&parent=4294"}],"curies":[{"name":"wp","href":"https:\/\/api.w.org\/{rel}","templated":true}]}}