{"id":4289,"date":"2020-03-13T08:50:31","date_gmt":"2020-03-13T08:50:31","guid":{"rendered":"https:\/\/gtg.daysoft.se\/?page_id=4289"},"modified":"2025-04-24T16:16:01","modified_gmt":"2025-04-24T15:16:01","slug":"dokument","status":"publish","type":"page","link":"https:\/\/gatugarden.se\/?page_id=4289","title":{"rendered":"Dokument"},"content":{"rendered":"\n<p>Klicka p\u00e5 rubrik f\u00f6r att se tillg\u00e4ngliga dokument\/l\u00e4nkar.<\/p>\n\n\n\n<p><\/p>\n\n\n<p><!-- \/wp:group --><\/p>\n<details>\n<summary>Information<\/summary>\n<ul>\n<li><a href=\"https:\/\/gatugarden.se\/wp-content\/uploads\/2024\/01\/Villaforsakring-2023.pdf\">F\u00f6rs\u00e4kring Villaf\u00f6rsakring L\u00e4nsf\u00f6rs\u00e4kringar<\/a><\/li>\n<li><a href=\"https:\/\/gatugarden.se\/wp-content\/uploads\/2020\/03\/GEF_Husmer.pdf\" target=\"_blank\" rel=\"noopener\">Till\u00e4ggsf\u00f6rs\u00e4kring Husmer L\u00e4nsf\u00f6rs\u00e4kringar<\/a><\/li>\n<li><a href=\"https:\/\/www.lansforsakringar.se\/goteborg-och-bohuslan\/privat\/forsakring\/skadeanmalan\/skadedjur\/\" target=\"_blank\" rel=\"noopener noreferrer\">Skadedjursbek\u00e4mpning och skadeanm\u00e4lan &#8211; Ange f\u00f6rs\u00e4kringsnummer: 2032315-15 Gatug\u00e5rden Ekonomisk F\u00f6rening<\/a><\/li>\n<li><a href=\"https:\/\/gatugarden.se\/wp-content\/uploads\/2020\/03\/Gavelbidrag_2014.pdf\" target=\"_blank\" rel=\"noopener noreferrer\">Information om Gavelbidrag<\/a><\/li>\n<li><a href=\"https:\/\/gatugarden.se\/wp-content\/uploads\/2021\/06\/Instruktion-gallande-passagesystem-i-Gatugarden-20210620.pdf\" target=\"_blank\" rel=\"noopener noreferrer\">Information om tag-\/l\u00e5ssystem<\/a><\/li>\n<\/ul>\n<\/details><details>\n<summary>Ans\u00f6kningar\/avtal<\/summary>\n<ul>\n<li><a href=\"wp-content\/uploads\/2021\/01\/Anskan_om_gavelbidrag_2014.pdf\" target=\"_blank\" rel=\"noopener noreferrer\">Ans\u00f6kan om Gavelbidrag<\/a><\/li>\n<li><a href=\"https:\/\/gatugarden.se\/wp-content\/uploads\/2022\/12\/Hyresavtal-och-ordningsregler-GEF-Lokalen-dec-2022.pdf\">Hyresavtal lokalen<\/a><\/li>\n<li><a href=\"wp-content\/uploads\/2020\/03\/GEF_Kpeavtal.pdf\" target=\"_blank\" rel=\"noopener noreferrer\">K\u00f6peavtal<\/a><\/li>\n<\/ul>\n<\/details><details>\n<summary>Ritningar<\/summary>\n<ul>\n<li><a href=\"https:\/\/gatugarden.se\/wp-content\/uploads\/2020\/12\/Elschema_bottenplan.pdf\" target=\"_blank\" rel=\"noopener noreferrer\">Elschema bottenv\u00e5ning<\/a><\/li>\n<li><a href=\"https:\/\/gatugarden.se\/wp-content\/uploads\/2020\/12\/Elschema_vervning.pdf\" target=\"_blank\" rel=\"noopener noreferrer\">Elschema \u00f6verv\u00e5ning<\/a><\/li>\n<li><a href=\"https:\/\/gatugarden.se\/wp-content\/uploads\/2020\/12\/Ritning_vn_2.pdf\" target=\"_blank\" rel=\"noopener noreferrer\">Ritning \u00f6verv\u00e5ning<\/a><\/li>\n<li><a href=\"https:\/\/gatugarden.se\/wp-content\/uploads\/2020\/12\/Ritning_BV.pdf\" target=\"_blank\" rel=\"noopener noreferrer\">Ritning bottenv\u00e5ning<\/a><\/li>\n<li><a href=\"https:\/\/gatugarden.se\/wp-content\/uploads\/2020\/12\/Avlopp_badrum.pdf\" target=\"_blank\" rel=\"noopener noreferrer\">Avlopp badrum &#8211; bilder<\/a><\/li>\n<\/ul>\n<\/details><details>\n<summary>Regler<\/summary>\n<ul>\n<li><a href=\"wp-content\/uploads\/2020\/03\/Ordningsregler_fr_lokalen.pdf\" target=\"_blank\" rel=\"noopener noreferrer\">Ordningsregler f\u00f6r lokalen<\/a><\/li>\n<li><a href=\"wp-content\/uploads\/2020\/03\/Regler_fr_GEFs_fritidssektioner.pdf\" target=\"_blank\" rel=\"noopener noreferrer\">Regler f\u00f6r Gatug\u00e5rden Ekonomisk F\u00f6renings fritidssektioner<\/a><\/li>\n<li><a href=\"https:\/\/gatugarden.se\/wp-content\/uploads\/2021\/01\/GEF_stadgar.pdf\" target=\"_blank\" rel=\"noopener\">F\u00f6reningens stadgar<\/a><\/li>\n<\/ul>\n<\/details><details>\n<summary>Verksamhetsber\u00e4ttelser<\/summary>\n<ul>\n<li><a href=\"https:\/\/gatugarden.se\/wp-content\/uploads\/2025\/04\/Verksamhetsberattelse-2024.pdf\" target=\"_blank\" rel=\"noopener\">Verksamhetsber\u00e4ttelse 2024<\/a><\/li>\n<li><a href=\"https:\/\/gatugarden.se\/wp-content\/uploads\/2025\/01\/Verksamhetsberattelse-2023.pdf\" target=\"_blank\" rel=\"noopener\">Verksamhetsber\u00e4ttelse 2023<\/a><\/li>\n<li><a href=\"https:\/\/gatugarden.se\/wp-content\/uploads\/2023\/05\/Verksamhetsberattelse-2022-minskad-filstorlek.pdf\" target=\"_blank\" rel=\"noopener\">Verksamhetsber\u00e4ttelse 2022<\/a><\/li>\n<li><a href=\"https:\/\/gatugarden.se\/wp-content\/uploads\/2022\/05\/Verksamhetsberattelse-2021.pdf\" target=\"_blank\" rel=\"noopener\">Verksamhetsber\u00e4ttelse 2021<\/a><\/li>\n<li><a href=\"https:\/\/gatugarden.se\/wp-content\/uploads\/2021\/06\/Verksamhetsberattelse-2020-1.pdf\" target=\"_blank\" rel=\"noopener\">Verksamhetsber\u00e4ttelse 2020<\/a><\/li>\n<li><a href=\"https:\/\/gatugarden.se\/wp-content\/uploads\/2021\/01\/Verksamhetsberattelse-2019.pdf\" target=\"_blank\" rel=\"noopener\">Verksamhetsber\u00e4ttelse 2019<\/a><\/li>\n<li><a href=\"https:\/\/gatugarden.se\/wp-content\/uploads\/2021\/01\/Verksamhetsberattelse-2018-komprimerad.pdf\" target=\"_blank\" rel=\"noopener\">Verksamhetsber\u00e4ttelse 2018<\/a><\/li>\n<li><a href=\"https:\/\/gatugarden.se\/wp-content\/uploads\/2021\/01\/Verksamhetsberattelse-2017-komprimerad.pdf\" target=\"_blank\" rel=\"noopener\">Verksamhetsber\u00e4ttelse 2017<\/a><\/li>\n<li><a href=\"https:\/\/gatugarden.se\/wp-content\/uploads\/2021\/01\/Verksamhetsberattelse-2016.pdf\" target=\"_blank\" rel=\"noopener\">Verksamhetsber\u00e4ttelse 2016<\/a><\/li>\n<li><a href=\"https:\/\/gatugarden.se\/wp-content\/uploads\/2020\/03\/Verksamhetsberttelse_2015.pdf\" target=\"_blank\" rel=\"noopener\">Verksamhetsber\u00e4ttelse 2015<\/a><\/li>\n<li><a href=\"https:\/\/gatugarden.se\/wp-content\/uploads\/2020\/03\/Verksamhetsberttelse_2014.pdf\" target=\"_blank\" rel=\"noopener\">Verksamhetsber\u00e4ttelse 2014<\/a><\/li>\n<li><a href=\"https:\/\/gatugarden.se\/wp-content\/uploads\/2020\/03\/Verksamhetsberttelse_2013.pdf\" target=\"_blank\" rel=\"noopener\">Verksamhetsber\u00e4ttelse 2013<\/a><\/li>\n<li><a href=\"https:\/\/gatugarden.se\/wp-content\/uploads\/2020\/03\/Verksamhetsberttelse_2012.pdf\" target=\"_blank\" rel=\"noopener\">Verksamhetsber\u00e4ttelse 2012<\/a><\/li>\n<li><a href=\"https:\/\/gatugarden.se\/wp-content\/uploads\/2020\/03\/Verksamhetsberttelse_2011.pdf\" target=\"_blank\" rel=\"noopener\">Verksamhetsber\u00e4ttelse 2011<\/a><\/li>\n<li><a href=\"https:\/\/gatugarden.se\/wp-content\/uploads\/2020\/03\/Verksamhetsberttelse_2010.pdf\" target=\"_blank\" rel=\"noopener\">Verksamhetsber\u00e4ttelse 2010<\/a><\/li>\n<\/ul>\n<\/details><details>\n<summary>Protokoll<\/summary>\n<ul>\n<li><a href=\"https:\/\/gatugarden.se\/wp-content\/uploads\/2024\/05\/Protokoll-extrastamma-2024-05-14.pdf\">Protokoll extrast\u00e4mma 2024-05-14 (elbilsladdning)<\/a><\/li>\n<li><a href=\"https:\/\/gatugarden.se\/wp-content\/uploads\/2024\/05\/Protokoll-arsstamma-2024.pdf\">Protokoll \u00e5rsst\u00e4mma 2024<\/a><\/li>\n<li><a href=\"https:\/\/gatugarden.se\/wp-content\/uploads\/2023\/05\/Protokoll-arsmote-2023-paskrivet.pdf\" target=\"_blank\" rel=\"noopener\">Protokoll \u00e5rsst\u00e4mma 2023<\/a><\/li>\n<li><a href=\"https:\/\/gatugarden.se\/wp-content\/uploads\/2022\/06\/Protokoll-arsmote-2022-underskrivet.pdf\" target=\"_blank\" rel=\"noopener\">Protokoll \u00e5rsst\u00e4mma 2022<\/a><\/li>\n<li><a href=\"https:\/\/gatugarden.se\/wp-content\/uploads\/2022\/04\/Protokoll-arsmote-2021-underskrivet-1.pdf\" target=\"_blank\" rel=\"noopener\">Protokoll \u00e5rsst\u00e4mma 2021<\/a><\/li>\n<li><a href=\"https:\/\/gatugarden.se\/wp-content\/uploads\/2021\/01\/Protokoll-arsmote-2020-underskrivet.pdf\" target=\"_blank\" rel=\"noopener\">Protokoll \u00e5rsst\u00e4mma 2020<\/a><\/li>\n<li><a href=\"https:\/\/gatugarden.se\/wp-content\/uploads\/2021\/01\/Protokoll-arsmote-2019-underskrivet.pdf\" target=\"_blank\" rel=\"noopener\">Protokoll \u00e5rsst\u00e4mma 2019<\/a><\/li>\n<li><a href=\"https:\/\/gatugarden.se\/wp-content\/uploads\/2021\/01\/Protokoll.pdf\" target=\"_blank\" rel=\"noopener\">Protokoll \u00e5rsst\u00e4mma 2018<\/a><\/li>\n<li><a href=\"https:\/\/gatugarden.se\/wp-content\/uploads\/2021\/01\/Protokoll-1.pdf\" target=\"_blank\" rel=\"noopener\">Protokoll \u00e5rsst\u00e4mma 2017<\/a><\/li>\n<li><a href=\"https:\/\/gatugarden.se\/wp-content\/uploads\/2020\/03\/2016_rs_stmmoprotokoll.pdf\" target=\"_blank\" rel=\"noopener\">Protokoll \u00e5rsst\u00e4mma 2016<\/a><\/li>\n<li><a href=\"https:\/\/gatugarden.se\/wp-content\/uploads\/2020\/03\/2015_rs_stmmoprotokoll.pdf\" target=\"_blank\" rel=\"noopener\">Protokoll \u00e5rsst\u00e4mma 2015<\/a><\/li>\n<li><a href=\"https:\/\/gatugarden.se\/wp-content\/uploads\/2020\/03\/2014_rs_stmmoprotokoll.pdf\" target=\"_blank\" rel=\"noopener\">Protokoll \u00e5rsst\u00e4mma 2014<\/a><\/li>\n<li><a href=\"https:\/\/gatugarden.se\/wp-content\/uploads\/2020\/03\/2013_rs_stmmoprotokoll.pdf\" target=\"_blank\" rel=\"noopener\">Protokoll \u00e5rsst\u00e4mma 2013<\/a><\/li>\n<li><a href=\"https:\/\/gatugarden.se\/wp-content\/uploads\/2020\/03\/2012_rs_stmmoprotokoll.pdf\" target=\"_blank\" rel=\"noopener\">Protokoll \u00e5rsst\u00e4mma 2012<\/a><\/li>\n<li><a href=\"https:\/\/gatugarden.se\/wp-content\/uploads\/2020\/03\/2011_rs_stmmoprotokoll.pdf\" target=\"_blank\" rel=\"noopener\">Protokoll \u00e5rsst\u00e4mma 2011<\/a><\/li>\n<\/ul>\n<\/details>\n<p><!-- wp:paragraph --><\/p>\n<p><!-- \/wp:paragraph --><\/p>","protected":false},"excerpt":{"rendered":"<p>Klicka p\u00e5 rubrik f\u00f6r att se tillg\u00e4ngliga dokument\/l\u00e4nkar. Information F\u00f6rs\u00e4kring Villaf\u00f6rsakring L\u00e4nsf\u00f6rs\u00e4kringar Till\u00e4ggsf\u00f6rs\u00e4kring Husmer L\u00e4nsf\u00f6rs\u00e4kringar Skadedjursbek\u00e4mpning och skadeanm\u00e4lan &#8211; Ange f\u00f6rs\u00e4kringsnummer: 2032315-15 Gatug\u00e5rden Ekonomisk F\u00f6rening Information om Gavelbidrag Information om &#8230;<\/p>\n","protected":false},"author":1,"featured_media":0,"parent":4294,"menu_order":0,"comment_status":"closed","ping_status":"closed","template":"template-fullwidth.php","meta":{"_s2mail":"yes","footnotes":""},"_links":{"self":[{"href":"https:\/\/gatugarden.se\/index.php?rest_route=\/wp\/v2\/pages\/4289"}],"collection":[{"href":"https:\/\/gatugarden.se\/index.php?rest_route=\/wp\/v2\/pages"}],"about":[{"href":"https:\/\/gatugarden.se\/index.php?rest_route=\/wp\/v2\/types\/page"}],"author":[{"embeddable":true,"href":"https:\/\/gatugarden.se\/index.php?rest_route=\/wp\/v2\/users\/1"}],"replies":[{"embeddable":true,"href":"https:\/\/gatugarden.se\/index.php?rest_route=%2Fwp%2Fv2%2Fcomments&post=4289"}],"version-history":[{"count":100,"href":"https:\/\/gatugarden.se\/index.php?rest_route=\/wp\/v2\/pages\/4289\/revisions"}],"predecessor-version":[{"id":5407,"href":"https:\/\/gatugarden.se\/index.php?rest_route=\/wp\/v2\/pages\/4289\/revisions\/5407"}],"up":[{"embeddable":true,"href":"https:\/\/gatugarden.se\/index.php?rest_route=\/wp\/v2\/pages\/4294"}],"wp:attachment":[{"href":"https:\/\/gatugarden.se\/index.php?rest_route=%2Fwp%2Fv2%2Fmedia&parent=4289"}],"curies":[{"name":"wp","href":"https:\/\/api.w.org\/{rel}","templated":true}]}}